{"id":323,"date":"2023-04-29T08:52:48","date_gmt":"2023-04-29T08:52:48","guid":{"rendered":"https:\/\/www.schwaubelinaescht.ch\/?page_id=323"},"modified":"2023-04-29T08:52:48","modified_gmt":"2023-04-29T08:52:48","slug":"impressum","status":"publish","type":"page","link":"https:\/\/www.schwaubelinaescht.ch\/index.php\/impressum\/","title":{"rendered":"Impressum"},"content":{"rendered":"\n<p><strong>Verantwortliche Instanz:<\/strong><br>Ramona Walther<br>Studenacher 1<br>B\u00e4tterkinden 3315<br>Schweiz<br><strong>E-Mail<\/strong>: ramona@schwaubelinaescht.ch<\/p>\n\n\n\n<p><strong>Haftungsausschluss<\/strong><br>Der Autor \u00fcbernimmt keine Gew\u00e4hr f\u00fcr die Richtigkeit, Genauigkeit, Aktualit\u00e4t, Zuverl\u00e4ssigkeit und Vollst\u00e4ndigkeit der Informationen.<br>Haftungsanspr\u00fcche gegen den Autor wegen Sch\u00e4den materieller oder immaterieller Art, die aus dem Zugriff oder der Nutzung bzw. Nichtnutzung der ver\u00f6ffentlichten Informationen, durch Missbrauch der Verbindung oder durch technische St\u00f6rungen entstanden sind, werden ausgeschlossen.<\/p>\n\n\n\n<p>Alle Angebote sind freibleibend. Der Autor beh\u00e4lt es sich ausdr\u00fccklich vor, Teile der Seiten oder das gesamte Angebot ohne gesonderte Ank\u00fcndigung zu ver\u00e4ndern, zu erg\u00e4nzen, zu l\u00f6schen oder die Ver\u00f6ffentlichung zeitweise oder endg\u00fcltig einzustellen.<\/p>\n\n\n\n<p><strong>Haftungsausschluss f\u00fcr Inhalte und Links<\/strong><br>Verweise und Links auf Webseiten Dritter liegen ausserhalb unseres Verantwortungsbereichs. Es wird jegliche Verantwortung f\u00fcr solche Webseiten abgelehnt. Der Zugriff und die Nutzung solcher Webseiten erfolgen auf eigene Gefahr des jeweiligen Nutzers.<\/p>\n\n\n\n<p><strong>Urheberrechtserkl\u00e4rung<\/strong><br>Die Urheber- und alle anderen Rechte an Inhalten, Bildern, Fotos oder anderen Dateien auf dieser Website, geh\u00f6ren ausschliesslich Ramona Walther oder den speziell genannten Rechteinhabern. F\u00fcr die Reproduktion jeglicher Elemente ist die schriftliche Zustimmung des Urheberrechtstr\u00e4gers im Voraus einzuholen.<\/p>\n","protected":false},"excerpt":{"rendered":"<p>Verantwortliche Instanz:Ramona WaltherStudenacher 1B\u00e4tterkinden 3315SchweizE-Mail: ramona@schwaubelinaescht.ch HaftungsausschlussDer Autor \u00fcbernimmt keine Gew\u00e4hr f\u00fcr die Richtigkeit, Genauigkeit, Aktualit\u00e4t, Zuverl\u00e4ssigkeit und Vollst\u00e4ndigkeit der Informationen.Haftungsanspr\u00fcche gegen den Autor wegen Sch\u00e4den materieller oder immaterieller Art, die aus dem Zugriff oder der Nutzung bzw. Nichtnutzung der ver\u00f6ffentlichten Informationen, durch Missbrauch der Verbindung oder durch technische St\u00f6rungen entstanden sind, werden ausgeschlossen. Alle &hellip; <\/p>\n<p class=\"link-more\"><a href=\"https:\/\/www.schwaubelinaescht.ch\/index.php\/impressum\/\" class=\"more-link\"><span class=\"screen-reader-text\">\u201eImpressum\u201c <\/span>weiterlesen<\/a><\/p>\n","protected":false},"author":1,"featured_media":0,"parent":0,"menu_order":0,"comment_status":"closed","ping_status":"closed","template":"","meta":{"footnotes":""},"class_list":["post-323","page","type-page","status-publish","hentry","entry"],"yoast_head":"<!-- This site is optimized with the Yoast SEO plugin v26.9 - https:\/\/yoast.com\/product\/yoast-seo-wordpress\/ -->\n<title>Impressum - Buurehofspiugruppe Schwaubelin\u00e4scht<\/title>\n<meta name=\"robots\" content=\"index, follow, max-snippet:-1, max-image-preview:large, max-video-preview:-1\" \/>\n<link rel=\"canonical\" href=\"https:\/\/www.schwaubelinaescht.ch\/index.php\/impressum\/\" \/>\n<meta property=\"og:locale\" content=\"de_DE\" \/>\n<meta property=\"og:type\" content=\"article\" \/>\n<meta property=\"og:title\" content=\"Impressum - Buurehofspiugruppe Schwaubelin\u00e4scht\" \/>\n<meta property=\"og:description\" content=\"Verantwortliche Instanz:Ramona WaltherStudenacher 1B\u00e4tterkinden 3315SchweizE-Mail: ramona@schwaubelinaescht.ch HaftungsausschlussDer Autor \u00fcbernimmt keine Gew\u00e4hr f\u00fcr die Richtigkeit, Genauigkeit, Aktualit\u00e4t, Zuverl\u00e4ssigkeit und Vollst\u00e4ndigkeit der Informationen.Haftungsanspr\u00fcche gegen den Autor wegen Sch\u00e4den materieller oder immaterieller Art, die aus dem Zugriff oder der Nutzung bzw. Nichtnutzung der ver\u00f6ffentlichten Informationen, durch Missbrauch der Verbindung oder durch technische St\u00f6rungen entstanden sind, werden ausgeschlossen. Alle &hellip; \u201eImpressum\u201c weiterlesen\" \/>\n<meta property=\"og:url\" content=\"https:\/\/www.schwaubelinaescht.ch\/index.php\/impressum\/\" \/>\n<meta property=\"og:site_name\" content=\"Buurehofspiugruppe Schwaubelin\u00e4scht\" \/>\n<meta name=\"twitter:card\" content=\"summary_large_image\" \/>\n<meta name=\"twitter:label1\" content=\"Gesch\u00e4tzte Lesezeit\" \/>\n\t<meta name=\"twitter:data1\" content=\"1\u00a0Minute\" \/>\n<script type=\"application\/ld+json\" class=\"yoast-schema-graph\">{\"@context\":\"https:\/\/schema.org\",\"@graph\":[{\"@type\":\"WebPage\",\"@id\":\"https:\/\/www.schwaubelinaescht.ch\/index.php\/impressum\/\",\"url\":\"https:\/\/www.schwaubelinaescht.ch\/index.php\/impressum\/\",\"name\":\"Impressum - Buurehofspiugruppe Schwaubelin\u00e4scht\",\"isPartOf\":{\"@id\":\"https:\/\/www.schwaubelinaescht.ch\/#website\"},\"datePublished\":\"2023-04-29T08:52:48+00:00\",\"breadcrumb\":{\"@id\":\"https:\/\/www.schwaubelinaescht.ch\/index.php\/impressum\/#breadcrumb\"},\"inLanguage\":\"de\",\"potentialAction\":[{\"@type\":\"ReadAction\",\"target\":[\"https:\/\/www.schwaubelinaescht.ch\/index.php\/impressum\/\"]}]},{\"@type\":\"BreadcrumbList\",\"@id\":\"https:\/\/www.schwaubelinaescht.ch\/index.php\/impressum\/#breadcrumb\",\"itemListElement\":[{\"@type\":\"ListItem\",\"position\":1,\"name\":\"Home\",\"item\":\"https:\/\/www.schwaubelinaescht.ch\/\"},{\"@type\":\"ListItem\",\"position\":2,\"name\":\"Impressum\"}]},{\"@type\":\"WebSite\",\"@id\":\"https:\/\/www.schwaubelinaescht.ch\/#website\",\"url\":\"https:\/\/www.schwaubelinaescht.ch\/\",\"name\":\"Buurehofspiugruppe Schwaubelin\u00e4scht\",\"description\":\"eifach Ching si\",\"publisher\":{\"@id\":\"https:\/\/www.schwaubelinaescht.ch\/#organization\"},\"potentialAction\":[{\"@type\":\"SearchAction\",\"target\":{\"@type\":\"EntryPoint\",\"urlTemplate\":\"https:\/\/www.schwaubelinaescht.ch\/?s={search_term_string}\"},\"query-input\":{\"@type\":\"PropertyValueSpecification\",\"valueRequired\":true,\"valueName\":\"search_term_string\"}}],\"inLanguage\":\"de\"},{\"@type\":\"Organization\",\"@id\":\"https:\/\/www.schwaubelinaescht.ch\/#organization\",\"name\":\"Buurehofspiugruppe Schwaubelin\u00e4scht - Ramona Fl\u00fcckiger\",\"url\":\"https:\/\/www.schwaubelinaescht.ch\/\",\"logo\":{\"@type\":\"ImageObject\",\"inLanguage\":\"de\",\"@id\":\"https:\/\/www.schwaubelinaescht.ch\/#\/schema\/logo\/image\/\",\"url\":\"https:\/\/www.schwaubelinaescht.ch\/wp-content\/uploads\/2019\/06\/Logo_Webseiten-Icon_520px-520px.gif\",\"contentUrl\":\"https:\/\/www.schwaubelinaescht.ch\/wp-content\/uploads\/2019\/06\/Logo_Webseiten-Icon_520px-520px.gif\",\"width\":520,\"height\":520,\"caption\":\"Buurehofspiugruppe Schwaubelin\u00e4scht - Ramona Fl\u00fcckiger\"},\"image\":{\"@id\":\"https:\/\/www.schwaubelinaescht.ch\/#\/schema\/logo\/image\/\"}}]}<\/script>\n<!-- \/ Yoast SEO plugin. -->","yoast_head_json":{"title":"Impressum - Buurehofspiugruppe Schwaubelin\u00e4scht","robots":{"index":"index","follow":"follow","max-snippet":"max-snippet:-1","max-image-preview":"max-image-preview:large","max-video-preview":"max-video-preview:-1"},"canonical":"https:\/\/www.schwaubelinaescht.ch\/index.php\/impressum\/","og_locale":"de_DE","og_type":"article","og_title":"Impressum - Buurehofspiugruppe Schwaubelin\u00e4scht","og_description":"Verantwortliche Instanz:Ramona WaltherStudenacher 1B\u00e4tterkinden 3315SchweizE-Mail: ramona@schwaubelinaescht.ch HaftungsausschlussDer Autor \u00fcbernimmt keine Gew\u00e4hr f\u00fcr die Richtigkeit, Genauigkeit, Aktualit\u00e4t, Zuverl\u00e4ssigkeit und Vollst\u00e4ndigkeit der Informationen.Haftungsanspr\u00fcche gegen den Autor wegen Sch\u00e4den materieller oder immaterieller Art, die aus dem Zugriff oder der Nutzung bzw. Nichtnutzung der ver\u00f6ffentlichten Informationen, durch Missbrauch der Verbindung oder durch technische St\u00f6rungen entstanden sind, werden ausgeschlossen. Alle &hellip; \u201eImpressum\u201c weiterlesen","og_url":"https:\/\/www.schwaubelinaescht.ch\/index.php\/impressum\/","og_site_name":"Buurehofspiugruppe Schwaubelin\u00e4scht","twitter_card":"summary_large_image","twitter_misc":{"Gesch\u00e4tzte Lesezeit":"1\u00a0Minute"},"schema":{"@context":"https:\/\/schema.org","@graph":[{"@type":"WebPage","@id":"https:\/\/www.schwaubelinaescht.ch\/index.php\/impressum\/","url":"https:\/\/www.schwaubelinaescht.ch\/index.php\/impressum\/","name":"Impressum - Buurehofspiugruppe Schwaubelin\u00e4scht","isPartOf":{"@id":"https:\/\/www.schwaubelinaescht.ch\/#website"},"datePublished":"2023-04-29T08:52:48+00:00","breadcrumb":{"@id":"https:\/\/www.schwaubelinaescht.ch\/index.php\/impressum\/#breadcrumb"},"inLanguage":"de","potentialAction":[{"@type":"ReadAction","target":["https:\/\/www.schwaubelinaescht.ch\/index.php\/impressum\/"]}]},{"@type":"BreadcrumbList","@id":"https:\/\/www.schwaubelinaescht.ch\/index.php\/impressum\/#breadcrumb","itemListElement":[{"@type":"ListItem","position":1,"name":"Home","item":"https:\/\/www.schwaubelinaescht.ch\/"},{"@type":"ListItem","position":2,"name":"Impressum"}]},{"@type":"WebSite","@id":"https:\/\/www.schwaubelinaescht.ch\/#website","url":"https:\/\/www.schwaubelinaescht.ch\/","name":"Buurehofspiugruppe Schwaubelin\u00e4scht","description":"eifach Ching si","publisher":{"@id":"https:\/\/www.schwaubelinaescht.ch\/#organization"},"potentialAction":[{"@type":"SearchAction","target":{"@type":"EntryPoint","urlTemplate":"https:\/\/www.schwaubelinaescht.ch\/?s={search_term_string}"},"query-input":{"@type":"PropertyValueSpecification","valueRequired":true,"valueName":"search_term_string"}}],"inLanguage":"de"},{"@type":"Organization","@id":"https:\/\/www.schwaubelinaescht.ch\/#organization","name":"Buurehofspiugruppe Schwaubelin\u00e4scht - Ramona Fl\u00fcckiger","url":"https:\/\/www.schwaubelinaescht.ch\/","logo":{"@type":"ImageObject","inLanguage":"de","@id":"https:\/\/www.schwaubelinaescht.ch\/#\/schema\/logo\/image\/","url":"https:\/\/www.schwaubelinaescht.ch\/wp-content\/uploads\/2019\/06\/Logo_Webseiten-Icon_520px-520px.gif","contentUrl":"https:\/\/www.schwaubelinaescht.ch\/wp-content\/uploads\/2019\/06\/Logo_Webseiten-Icon_520px-520px.gif","width":520,"height":520,"caption":"Buurehofspiugruppe Schwaubelin\u00e4scht - Ramona Fl\u00fcckiger"},"image":{"@id":"https:\/\/www.schwaubelinaescht.ch\/#\/schema\/logo\/image\/"}}]}},"_links":{"self":[{"href":"https:\/\/www.schwaubelinaescht.ch\/index.php\/wp-json\/wp\/v2\/pages\/323","targetHints":{"allow":["GET"]}}],"collection":[{"href":"https:\/\/www.schwaubelinaescht.ch\/index.php\/wp-json\/wp\/v2\/pages"}],"about":[{"href":"https:\/\/www.schwaubelinaescht.ch\/index.php\/wp-json\/wp\/v2\/types\/page"}],"author":[{"embeddable":true,"href":"https:\/\/www.schwaubelinaescht.ch\/index.php\/wp-json\/wp\/v2\/users\/1"}],"replies":[{"embeddable":true,"href":"https:\/\/www.schwaubelinaescht.ch\/index.php\/wp-json\/wp\/v2\/comments?post=323"}],"version-history":[{"count":1,"href":"https:\/\/www.schwaubelinaescht.ch\/index.php\/wp-json\/wp\/v2\/pages\/323\/revisions"}],"predecessor-version":[{"id":324,"href":"https:\/\/www.schwaubelinaescht.ch\/index.php\/wp-json\/wp\/v2\/pages\/323\/revisions\/324"}],"wp:attachment":[{"href":"https:\/\/www.schwaubelinaescht.ch\/index.php\/wp-json\/wp\/v2\/media?parent=323"}],"curies":[{"name":"wp","href":"https:\/\/api.w.org\/{rel}","templated":true}]}}