{"id":18,"date":"2019-06-11T19:30:02","date_gmt":"2019-06-11T19:30:02","guid":{"rendered":"https:\/\/schwaubelinaescht.ch\/?page_id=18"},"modified":"2024-09-02T06:23:52","modified_gmt":"2024-09-02T06:23:52","slug":"anmeldung","status":"publish","type":"page","link":"https:\/\/www.schwaubelinaescht.ch\/index.php\/anmeldung\/","title":{"rendered":"Anmeldung"},"content":{"rendered":"\n<p>Bitte melden Sie Ihr Kind mit dem untenstehenden Formular schriftlich an. <br>Mit der Anmeldebest\u00e4tigung stellen wir Ihnen sogleich die Rechnung f\u00fcr das erste Halbjahr zu.<br>Die Anmeldungen werden nach Eingangsdatum ber\u00fccksichtigt.<br>Jetzt Anmelden:<\/p>\n\n\n\n<div class=\"wp-block-file\"><a id=\"wp-block-file--media-aa3d4b8d-2791-4702-892b-9a571b29dc2f\" href=\"https:\/\/www.schwaubelinaescht.ch\/wp-content\/uploads\/2024\/09\/Anmeldung-Rahmenbedingungen-v5.1-1.pdf\" target=\"_blank\" rel=\"noreferrer noopener\">Anmeldung \/ Rahmenbedingungen<\/a><a href=\"https:\/\/www.schwaubelinaescht.ch\/wp-content\/uploads\/2024\/09\/Anmeldung-Rahmenbedingungen-v5.1-1.pdf\" class=\"wp-block-file__button wp-element-button\" download aria-describedby=\"wp-block-file--media-aa3d4b8d-2791-4702-892b-9a571b29dc2f\">Herunterladen<\/a><\/div>\n\n\n\n<h4 class=\"wp-block-heading\"><strong>Start des Spielgruppenjahres<\/strong><\/h4>\n\n\n\n<p>Das Spielgruppenjahr beginnt jeweils im August und endet im Juli. Der Ferienplan richtet sich nach der \u00abSchule untere Emme\u00bb.<br>Bei freien Pl\u00e4tzen besteht die M\u00f6glichkeit, auch w\u00e4hrend des Jahres einzusteigen.<\/p>\n","protected":false},"excerpt":{"rendered":"<p>Bitte melden Sie Ihr Kind mit dem untenstehenden Formular schriftlich an. Mit der Anmeldebest\u00e4tigung stellen wir Ihnen sogleich die Rechnung f\u00fcr das erste Halbjahr zu.Die Anmeldungen werden nach Eingangsdatum ber\u00fccksichtigt.Jetzt Anmelden: Start des Spielgruppenjahres Das Spielgruppenjahr beginnt jeweils im August und endet im Juli. Der Ferienplan richtet sich nach der \u00abSchule untere Emme\u00bb.Bei freien Pl\u00e4tzen &hellip; <\/p>\n<p class=\"link-more\"><a href=\"https:\/\/www.schwaubelinaescht.ch\/index.php\/anmeldung\/\" class=\"more-link\"><span class=\"screen-reader-text\">\u201eAnmeldung\u201c <\/span>weiterlesen<\/a><\/p>\n","protected":false},"author":1,"featured_media":149,"parent":0,"menu_order":0,"comment_status":"closed","ping_status":"closed","template":"","meta":{"footnotes":""},"class_list":["post-18","page","type-page","status-publish","has-post-thumbnail","hentry","entry"],"yoast_head":"<!-- This site is optimized with the Yoast SEO plugin v26.9 - https:\/\/yoast.com\/product\/yoast-seo-wordpress\/ -->\n<title>Anmeldung - Buurehofspiugruppe Schwaubelin\u00e4scht<\/title>\n<meta name=\"robots\" content=\"index, follow, max-snippet:-1, max-image-preview:large, max-video-preview:-1\" \/>\n<link rel=\"canonical\" href=\"https:\/\/www.schwaubelinaescht.ch\/index.php\/anmeldung\/\" \/>\n<meta property=\"og:locale\" content=\"de_DE\" \/>\n<meta property=\"og:type\" content=\"article\" \/>\n<meta property=\"og:title\" content=\"Anmeldung - Buurehofspiugruppe Schwaubelin\u00e4scht\" \/>\n<meta property=\"og:description\" content=\"Bitte melden Sie Ihr Kind mit dem untenstehenden Formular schriftlich an. Mit der Anmeldebest\u00e4tigung stellen wir Ihnen sogleich die Rechnung f\u00fcr das erste Halbjahr zu.Die Anmeldungen werden nach Eingangsdatum ber\u00fccksichtigt.Jetzt Anmelden: Start des Spielgruppenjahres Das Spielgruppenjahr beginnt jeweils im August und endet im Juli. Der Ferienplan richtet sich nach der \u00abSchule untere Emme\u00bb.Bei freien Pl\u00e4tzen &hellip; \u201eAnmeldung\u201c weiterlesen\" \/>\n<meta property=\"og:url\" content=\"https:\/\/www.schwaubelinaescht.ch\/index.php\/anmeldung\/\" \/>\n<meta property=\"og:site_name\" content=\"Buurehofspiugruppe Schwaubelin\u00e4scht\" \/>\n<meta property=\"article:modified_time\" content=\"2024-09-02T06:23:52+00:00\" \/>\n<meta property=\"og:image\" content=\"https:\/\/www.schwaubelinaescht.ch\/wp-content\/uploads\/2019\/07\/IMG_1738244-1024x768.jpg\" \/>\n\t<meta property=\"og:image:width\" content=\"1024\" \/>\n\t<meta property=\"og:image:height\" content=\"768\" \/>\n\t<meta property=\"og:image:type\" content=\"image\/jpeg\" \/>\n<meta name=\"twitter:card\" content=\"summary_large_image\" \/>\n<meta name=\"twitter:label1\" content=\"Gesch\u00e4tzte Lesezeit\" \/>\n\t<meta name=\"twitter:data1\" content=\"1\u00a0Minute\" \/>\n<script type=\"application\/ld+json\" class=\"yoast-schema-graph\">{\"@context\":\"https:\/\/schema.org\",\"@graph\":[{\"@type\":\"WebPage\",\"@id\":\"https:\/\/www.schwaubelinaescht.ch\/index.php\/anmeldung\/\",\"url\":\"https:\/\/www.schwaubelinaescht.ch\/index.php\/anmeldung\/\",\"name\":\"Anmeldung - Buurehofspiugruppe Schwaubelin\u00e4scht\",\"isPartOf\":{\"@id\":\"https:\/\/www.schwaubelinaescht.ch\/#website\"},\"primaryImageOfPage\":{\"@id\":\"https:\/\/www.schwaubelinaescht.ch\/index.php\/anmeldung\/#primaryimage\"},\"image\":{\"@id\":\"https:\/\/www.schwaubelinaescht.ch\/index.php\/anmeldung\/#primaryimage\"},\"thumbnailUrl\":\"https:\/\/www.schwaubelinaescht.ch\/wp-content\/uploads\/2019\/07\/IMG_1738244.jpg\",\"datePublished\":\"2019-06-11T19:30:02+00:00\",\"dateModified\":\"2024-09-02T06:23:52+00:00\",\"breadcrumb\":{\"@id\":\"https:\/\/www.schwaubelinaescht.ch\/index.php\/anmeldung\/#breadcrumb\"},\"inLanguage\":\"de\",\"potentialAction\":[{\"@type\":\"ReadAction\",\"target\":[\"https:\/\/www.schwaubelinaescht.ch\/index.php\/anmeldung\/\"]}]},{\"@type\":\"ImageObject\",\"inLanguage\":\"de\",\"@id\":\"https:\/\/www.schwaubelinaescht.ch\/index.php\/anmeldung\/#primaryimage\",\"url\":\"https:\/\/www.schwaubelinaescht.ch\/wp-content\/uploads\/2019\/07\/IMG_1738244.jpg\",\"contentUrl\":\"https:\/\/www.schwaubelinaescht.ch\/wp-content\/uploads\/2019\/07\/IMG_1738244.jpg\",\"width\":4032,\"height\":3024},{\"@type\":\"BreadcrumbList\",\"@id\":\"https:\/\/www.schwaubelinaescht.ch\/index.php\/anmeldung\/#breadcrumb\",\"itemListElement\":[{\"@type\":\"ListItem\",\"position\":1,\"name\":\"Home\",\"item\":\"https:\/\/www.schwaubelinaescht.ch\/\"},{\"@type\":\"ListItem\",\"position\":2,\"name\":\"Anmeldung\"}]},{\"@type\":\"WebSite\",\"@id\":\"https:\/\/www.schwaubelinaescht.ch\/#website\",\"url\":\"https:\/\/www.schwaubelinaescht.ch\/\",\"name\":\"Buurehofspiugruppe Schwaubelin\u00e4scht\",\"description\":\"eifach Ching si\",\"publisher\":{\"@id\":\"https:\/\/www.schwaubelinaescht.ch\/#organization\"},\"potentialAction\":[{\"@type\":\"SearchAction\",\"target\":{\"@type\":\"EntryPoint\",\"urlTemplate\":\"https:\/\/www.schwaubelinaescht.ch\/?s={search_term_string}\"},\"query-input\":{\"@type\":\"PropertyValueSpecification\",\"valueRequired\":true,\"valueName\":\"search_term_string\"}}],\"inLanguage\":\"de\"},{\"@type\":\"Organization\",\"@id\":\"https:\/\/www.schwaubelinaescht.ch\/#organization\",\"name\":\"Buurehofspiugruppe Schwaubelin\u00e4scht - Ramona Fl\u00fcckiger\",\"url\":\"https:\/\/www.schwaubelinaescht.ch\/\",\"logo\":{\"@type\":\"ImageObject\",\"inLanguage\":\"de\",\"@id\":\"https:\/\/www.schwaubelinaescht.ch\/#\/schema\/logo\/image\/\",\"url\":\"https:\/\/www.schwaubelinaescht.ch\/wp-content\/uploads\/2019\/06\/Logo_Webseiten-Icon_520px-520px.gif\",\"contentUrl\":\"https:\/\/www.schwaubelinaescht.ch\/wp-content\/uploads\/2019\/06\/Logo_Webseiten-Icon_520px-520px.gif\",\"width\":520,\"height\":520,\"caption\":\"Buurehofspiugruppe Schwaubelin\u00e4scht - Ramona Fl\u00fcckiger\"},\"image\":{\"@id\":\"https:\/\/www.schwaubelinaescht.ch\/#\/schema\/logo\/image\/\"}}]}<\/script>\n<!-- \/ Yoast SEO plugin. -->","yoast_head_json":{"title":"Anmeldung - Buurehofspiugruppe Schwaubelin\u00e4scht","robots":{"index":"index","follow":"follow","max-snippet":"max-snippet:-1","max-image-preview":"max-image-preview:large","max-video-preview":"max-video-preview:-1"},"canonical":"https:\/\/www.schwaubelinaescht.ch\/index.php\/anmeldung\/","og_locale":"de_DE","og_type":"article","og_title":"Anmeldung - Buurehofspiugruppe Schwaubelin\u00e4scht","og_description":"Bitte melden Sie Ihr Kind mit dem untenstehenden Formular schriftlich an. Mit der Anmeldebest\u00e4tigung stellen wir Ihnen sogleich die Rechnung f\u00fcr das erste Halbjahr zu.Die Anmeldungen werden nach Eingangsdatum ber\u00fccksichtigt.Jetzt Anmelden: Start des Spielgruppenjahres Das Spielgruppenjahr beginnt jeweils im August und endet im Juli. Der Ferienplan richtet sich nach der \u00abSchule untere Emme\u00bb.Bei freien Pl\u00e4tzen &hellip; \u201eAnmeldung\u201c weiterlesen","og_url":"https:\/\/www.schwaubelinaescht.ch\/index.php\/anmeldung\/","og_site_name":"Buurehofspiugruppe Schwaubelin\u00e4scht","article_modified_time":"2024-09-02T06:23:52+00:00","og_image":[{"width":1024,"height":768,"url":"https:\/\/www.schwaubelinaescht.ch\/wp-content\/uploads\/2019\/07\/IMG_1738244-1024x768.jpg","type":"image\/jpeg"}],"twitter_card":"summary_large_image","twitter_misc":{"Gesch\u00e4tzte Lesezeit":"1\u00a0Minute"},"schema":{"@context":"https:\/\/schema.org","@graph":[{"@type":"WebPage","@id":"https:\/\/www.schwaubelinaescht.ch\/index.php\/anmeldung\/","url":"https:\/\/www.schwaubelinaescht.ch\/index.php\/anmeldung\/","name":"Anmeldung - Buurehofspiugruppe Schwaubelin\u00e4scht","isPartOf":{"@id":"https:\/\/www.schwaubelinaescht.ch\/#website"},"primaryImageOfPage":{"@id":"https:\/\/www.schwaubelinaescht.ch\/index.php\/anmeldung\/#primaryimage"},"image":{"@id":"https:\/\/www.schwaubelinaescht.ch\/index.php\/anmeldung\/#primaryimage"},"thumbnailUrl":"https:\/\/www.schwaubelinaescht.ch\/wp-content\/uploads\/2019\/07\/IMG_1738244.jpg","datePublished":"2019-06-11T19:30:02+00:00","dateModified":"2024-09-02T06:23:52+00:00","breadcrumb":{"@id":"https:\/\/www.schwaubelinaescht.ch\/index.php\/anmeldung\/#breadcrumb"},"inLanguage":"de","potentialAction":[{"@type":"ReadAction","target":["https:\/\/www.schwaubelinaescht.ch\/index.php\/anmeldung\/"]}]},{"@type":"ImageObject","inLanguage":"de","@id":"https:\/\/www.schwaubelinaescht.ch\/index.php\/anmeldung\/#primaryimage","url":"https:\/\/www.schwaubelinaescht.ch\/wp-content\/uploads\/2019\/07\/IMG_1738244.jpg","contentUrl":"https:\/\/www.schwaubelinaescht.ch\/wp-content\/uploads\/2019\/07\/IMG_1738244.jpg","width":4032,"height":3024},{"@type":"BreadcrumbList","@id":"https:\/\/www.schwaubelinaescht.ch\/index.php\/anmeldung\/#breadcrumb","itemListElement":[{"@type":"ListItem","position":1,"name":"Home","item":"https:\/\/www.schwaubelinaescht.ch\/"},{"@type":"ListItem","position":2,"name":"Anmeldung"}]},{"@type":"WebSite","@id":"https:\/\/www.schwaubelinaescht.ch\/#website","url":"https:\/\/www.schwaubelinaescht.ch\/","name":"Buurehofspiugruppe Schwaubelin\u00e4scht","description":"eifach Ching si","publisher":{"@id":"https:\/\/www.schwaubelinaescht.ch\/#organization"},"potentialAction":[{"@type":"SearchAction","target":{"@type":"EntryPoint","urlTemplate":"https:\/\/www.schwaubelinaescht.ch\/?s={search_term_string}"},"query-input":{"@type":"PropertyValueSpecification","valueRequired":true,"valueName":"search_term_string"}}],"inLanguage":"de"},{"@type":"Organization","@id":"https:\/\/www.schwaubelinaescht.ch\/#organization","name":"Buurehofspiugruppe Schwaubelin\u00e4scht - Ramona Fl\u00fcckiger","url":"https:\/\/www.schwaubelinaescht.ch\/","logo":{"@type":"ImageObject","inLanguage":"de","@id":"https:\/\/www.schwaubelinaescht.ch\/#\/schema\/logo\/image\/","url":"https:\/\/www.schwaubelinaescht.ch\/wp-content\/uploads\/2019\/06\/Logo_Webseiten-Icon_520px-520px.gif","contentUrl":"https:\/\/www.schwaubelinaescht.ch\/wp-content\/uploads\/2019\/06\/Logo_Webseiten-Icon_520px-520px.gif","width":520,"height":520,"caption":"Buurehofspiugruppe Schwaubelin\u00e4scht - Ramona Fl\u00fcckiger"},"image":{"@id":"https:\/\/www.schwaubelinaescht.ch\/#\/schema\/logo\/image\/"}}]}},"_links":{"self":[{"href":"https:\/\/www.schwaubelinaescht.ch\/index.php\/wp-json\/wp\/v2\/pages\/18","targetHints":{"allow":["GET"]}}],"collection":[{"href":"https:\/\/www.schwaubelinaescht.ch\/index.php\/wp-json\/wp\/v2\/pages"}],"about":[{"href":"https:\/\/www.schwaubelinaescht.ch\/index.php\/wp-json\/wp\/v2\/types\/page"}],"author":[{"embeddable":true,"href":"https:\/\/www.schwaubelinaescht.ch\/index.php\/wp-json\/wp\/v2\/users\/1"}],"replies":[{"embeddable":true,"href":"https:\/\/www.schwaubelinaescht.ch\/index.php\/wp-json\/wp\/v2\/comments?post=18"}],"version-history":[{"count":29,"href":"https:\/\/www.schwaubelinaescht.ch\/index.php\/wp-json\/wp\/v2\/pages\/18\/revisions"}],"predecessor-version":[{"id":374,"href":"https:\/\/www.schwaubelinaescht.ch\/index.php\/wp-json\/wp\/v2\/pages\/18\/revisions\/374"}],"wp:featuredmedia":[{"embeddable":true,"href":"https:\/\/www.schwaubelinaescht.ch\/index.php\/wp-json\/wp\/v2\/media\/149"}],"wp:attachment":[{"href":"https:\/\/www.schwaubelinaescht.ch\/index.php\/wp-json\/wp\/v2\/media?parent=18"}],"curies":[{"name":"wp","href":"https:\/\/api.w.org\/{rel}","templated":true}]}}