{"id":17,"date":"2019-06-11T19:30:02","date_gmt":"2019-06-11T19:30:02","guid":{"rendered":"https:\/\/schwaubelinaescht.ch\/?page_id=17"},"modified":"2023-08-23T13:54:33","modified_gmt":"2023-08-23T13:54:33","slug":"regeln","status":"publish","type":"page","link":"https:\/\/www.schwaubelinaescht.ch\/index.php\/regeln\/","title":{"rendered":"Infos"},"content":{"rendered":"\n<p>Der <strong>Spielgruppenbeitrag<\/strong> wird halbj\u00e4hrlich bezahlt und betr\u00e4gt Fr. 475.00 pro Halbjahr <\/p>\n\n\n\n<p>Wir geben den Kindern viel Freiraum, haben aber auch klare <strong>Grenzen und Regeln:<\/strong><\/p>\n\n\n\n<ul class=\"wp-block-list\">\n<li>Kein Besteigen von Maschinen, Leitern und Sonstigem. Spielplatz &amp; B\u00e4ume nat\u00fcrlich ausgenommen! Maschinen sind kein Spielzeug.<\/li>\n\n\n\n<li>Wir bleiben zusammen!<\/li>\n\n\n\n<li>Wir halten uns dort auf, wo eine Leiterin in Sichtweite ist.<\/li>\n\n\n\n<li>Wir gehen respekt- und toleranzvoll mit den Tieren um. Wir akzeptieren, wenn sie sich zur\u00fcckziehen.<\/li>\n\n\n\n<li>Wir gehen gemeinsam zu den Tieren, um sie zu f\u00fcttern und zu streicheln. Wer m\u00f6chte darf die Pferde auch putzen und reiten. Hierf\u00fcr gilt Velohelmpflicht!!<\/li>\n\n\n\n<li>Das F\u00fcttern im Alleingang ist untersagt.<\/li>\n\n\n\n<li>Wir zertrampeln kein hohes Gras, es ist das Futter der Tiere.<\/li>\n\n\n\n<li>Tabuzone:<strong> <\/strong>Das Betreten des Schweinestalles ist aus hygienischen Gr\u00fcnden untersagt!<\/li>\n<\/ul>\n\n\n\n<p><strong>Zn\u00fcni<\/strong> <br>Bitte geben Sie Ihrem Kind ein gesundes, nicht allzu grosses \u00abz N\u00fcni\u00bb mit. Kleine Portionen sind schnell gegessen und es bleibt viel Zeit zum Spielen. Bitte keine Tetra Packs und keine S\u00fcssigkeiten (Ausnahme bei Geburtstagen).<br>Bitte aufgrund Erstickungsgefahr keine N\u00fcsse mitgeben.<br>Die Kinder teilen manchmal untereinander, falls Ihr Kind an einer Lebensmittelallergie leidet, bitte ich Sie, uns zu informieren.<\/p>\n\n\n\n<div class=\"wp-block-file\"><a id=\"wp-block-file--media-003e3505-db8f-44a3-b18d-23a6ee4132e2\" href=\"https:\/\/www.schwaubelinaescht.ch\/wp-content\/uploads\/2019\/07\/Znuenibox_Tipps201.pdf\">Tipps f\u00fcr gesunde Zn\u00fcni<\/a><a href=\"https:\/\/www.schwaubelinaescht.ch\/wp-content\/uploads\/2019\/07\/Znuenibox_Tipps201.pdf\" class=\"wp-block-file__button wp-element-button\" download aria-describedby=\"wp-block-file--media-003e3505-db8f-44a3-b18d-23a6ee4132e2\">Herunterladen<\/a><\/div>\n","protected":false},"excerpt":{"rendered":"<p>Der Spielgruppenbeitrag wird halbj\u00e4hrlich bezahlt und betr\u00e4gt Fr. 475.00 pro Halbjahr Wir geben den Kindern viel Freiraum, haben aber auch klare Grenzen und Regeln: Zn\u00fcni Bitte geben Sie Ihrem Kind ein gesundes, nicht allzu grosses \u00abz N\u00fcni\u00bb mit. Kleine Portionen sind schnell gegessen und es bleibt viel Zeit zum Spielen. Bitte keine Tetra Packs und &hellip; <\/p>\n<p class=\"link-more\"><a href=\"https:\/\/www.schwaubelinaescht.ch\/index.php\/regeln\/\" class=\"more-link\"><span class=\"screen-reader-text\">\u201eInfos\u201c <\/span>weiterlesen<\/a><\/p>\n","protected":false},"author":1,"featured_media":56,"parent":0,"menu_order":0,"comment_status":"closed","ping_status":"closed","template":"","meta":{"footnotes":""},"class_list":["post-17","page","type-page","status-publish","has-post-thumbnail","hentry","entry"],"yoast_head":"<!-- This site is optimized with the Yoast SEO plugin v26.9 - https:\/\/yoast.com\/product\/yoast-seo-wordpress\/ -->\n<title>Infos - Buurehofspiugruppe Schwaubelin\u00e4scht<\/title>\n<meta name=\"robots\" content=\"index, follow, max-snippet:-1, max-image-preview:large, max-video-preview:-1\" \/>\n<link rel=\"canonical\" href=\"https:\/\/www.schwaubelinaescht.ch\/index.php\/regeln\/\" \/>\n<meta property=\"og:locale\" content=\"de_DE\" \/>\n<meta property=\"og:type\" content=\"article\" \/>\n<meta property=\"og:title\" content=\"Infos - Buurehofspiugruppe Schwaubelin\u00e4scht\" \/>\n<meta property=\"og:description\" content=\"Der Spielgruppenbeitrag wird halbj\u00e4hrlich bezahlt und betr\u00e4gt Fr. 475.00 pro Halbjahr Wir geben den Kindern viel Freiraum, haben aber auch klare Grenzen und Regeln: Zn\u00fcni Bitte geben Sie Ihrem Kind ein gesundes, nicht allzu grosses \u00abz N\u00fcni\u00bb mit. Kleine Portionen sind schnell gegessen und es bleibt viel Zeit zum Spielen. Bitte keine Tetra Packs und &hellip; \u201eInfos\u201c weiterlesen\" \/>\n<meta property=\"og:url\" content=\"https:\/\/www.schwaubelinaescht.ch\/index.php\/regeln\/\" \/>\n<meta property=\"og:site_name\" content=\"Buurehofspiugruppe Schwaubelin\u00e4scht\" \/>\n<meta property=\"article:modified_time\" content=\"2023-08-23T13:54:33+00:00\" \/>\n<meta property=\"og:image\" content=\"https:\/\/www.schwaubelinaescht.ch\/wp-content\/uploads\/2019\/06\/IMG_2379-1024x768.jpg\" \/>\n\t<meta property=\"og:image:width\" content=\"1024\" \/>\n\t<meta property=\"og:image:height\" content=\"768\" \/>\n\t<meta property=\"og:image:type\" content=\"image\/jpeg\" \/>\n<meta name=\"twitter:card\" content=\"summary_large_image\" \/>\n<meta name=\"twitter:label1\" content=\"Gesch\u00e4tzte Lesezeit\" \/>\n\t<meta name=\"twitter:data1\" content=\"2\u00a0Minuten\" \/>\n<script type=\"application\/ld+json\" class=\"yoast-schema-graph\">{\"@context\":\"https:\/\/schema.org\",\"@graph\":[{\"@type\":\"WebPage\",\"@id\":\"https:\/\/www.schwaubelinaescht.ch\/index.php\/regeln\/\",\"url\":\"https:\/\/www.schwaubelinaescht.ch\/index.php\/regeln\/\",\"name\":\"Infos - Buurehofspiugruppe Schwaubelin\u00e4scht\",\"isPartOf\":{\"@id\":\"https:\/\/www.schwaubelinaescht.ch\/#website\"},\"primaryImageOfPage\":{\"@id\":\"https:\/\/www.schwaubelinaescht.ch\/index.php\/regeln\/#primaryimage\"},\"image\":{\"@id\":\"https:\/\/www.schwaubelinaescht.ch\/index.php\/regeln\/#primaryimage\"},\"thumbnailUrl\":\"https:\/\/www.schwaubelinaescht.ch\/wp-content\/uploads\/2019\/06\/IMG_2379.jpg\",\"datePublished\":\"2019-06-11T19:30:02+00:00\",\"dateModified\":\"2023-08-23T13:54:33+00:00\",\"breadcrumb\":{\"@id\":\"https:\/\/www.schwaubelinaescht.ch\/index.php\/regeln\/#breadcrumb\"},\"inLanguage\":\"de\",\"potentialAction\":[{\"@type\":\"ReadAction\",\"target\":[\"https:\/\/www.schwaubelinaescht.ch\/index.php\/regeln\/\"]}]},{\"@type\":\"ImageObject\",\"inLanguage\":\"de\",\"@id\":\"https:\/\/www.schwaubelinaescht.ch\/index.php\/regeln\/#primaryimage\",\"url\":\"https:\/\/www.schwaubelinaescht.ch\/wp-content\/uploads\/2019\/06\/IMG_2379.jpg\",\"contentUrl\":\"https:\/\/www.schwaubelinaescht.ch\/wp-content\/uploads\/2019\/06\/IMG_2379.jpg\",\"width\":4032,\"height\":3024},{\"@type\":\"BreadcrumbList\",\"@id\":\"https:\/\/www.schwaubelinaescht.ch\/index.php\/regeln\/#breadcrumb\",\"itemListElement\":[{\"@type\":\"ListItem\",\"position\":1,\"name\":\"Home\",\"item\":\"https:\/\/www.schwaubelinaescht.ch\/\"},{\"@type\":\"ListItem\",\"position\":2,\"name\":\"Infos\"}]},{\"@type\":\"WebSite\",\"@id\":\"https:\/\/www.schwaubelinaescht.ch\/#website\",\"url\":\"https:\/\/www.schwaubelinaescht.ch\/\",\"name\":\"Buurehofspiugruppe Schwaubelin\u00e4scht\",\"description\":\"eifach Ching si\",\"publisher\":{\"@id\":\"https:\/\/www.schwaubelinaescht.ch\/#organization\"},\"potentialAction\":[{\"@type\":\"SearchAction\",\"target\":{\"@type\":\"EntryPoint\",\"urlTemplate\":\"https:\/\/www.schwaubelinaescht.ch\/?s={search_term_string}\"},\"query-input\":{\"@type\":\"PropertyValueSpecification\",\"valueRequired\":true,\"valueName\":\"search_term_string\"}}],\"inLanguage\":\"de\"},{\"@type\":\"Organization\",\"@id\":\"https:\/\/www.schwaubelinaescht.ch\/#organization\",\"name\":\"Buurehofspiugruppe Schwaubelin\u00e4scht - Ramona Fl\u00fcckiger\",\"url\":\"https:\/\/www.schwaubelinaescht.ch\/\",\"logo\":{\"@type\":\"ImageObject\",\"inLanguage\":\"de\",\"@id\":\"https:\/\/www.schwaubelinaescht.ch\/#\/schema\/logo\/image\/\",\"url\":\"https:\/\/www.schwaubelinaescht.ch\/wp-content\/uploads\/2019\/06\/Logo_Webseiten-Icon_520px-520px.gif\",\"contentUrl\":\"https:\/\/www.schwaubelinaescht.ch\/wp-content\/uploads\/2019\/06\/Logo_Webseiten-Icon_520px-520px.gif\",\"width\":520,\"height\":520,\"caption\":\"Buurehofspiugruppe Schwaubelin\u00e4scht - Ramona Fl\u00fcckiger\"},\"image\":{\"@id\":\"https:\/\/www.schwaubelinaescht.ch\/#\/schema\/logo\/image\/\"}}]}<\/script>\n<!-- \/ Yoast SEO plugin. -->","yoast_head_json":{"title":"Infos - Buurehofspiugruppe Schwaubelin\u00e4scht","robots":{"index":"index","follow":"follow","max-snippet":"max-snippet:-1","max-image-preview":"max-image-preview:large","max-video-preview":"max-video-preview:-1"},"canonical":"https:\/\/www.schwaubelinaescht.ch\/index.php\/regeln\/","og_locale":"de_DE","og_type":"article","og_title":"Infos - Buurehofspiugruppe Schwaubelin\u00e4scht","og_description":"Der Spielgruppenbeitrag wird halbj\u00e4hrlich bezahlt und betr\u00e4gt Fr. 475.00 pro Halbjahr Wir geben den Kindern viel Freiraum, haben aber auch klare Grenzen und Regeln: Zn\u00fcni Bitte geben Sie Ihrem Kind ein gesundes, nicht allzu grosses \u00abz N\u00fcni\u00bb mit. Kleine Portionen sind schnell gegessen und es bleibt viel Zeit zum Spielen. Bitte keine Tetra Packs und &hellip; \u201eInfos\u201c weiterlesen","og_url":"https:\/\/www.schwaubelinaescht.ch\/index.php\/regeln\/","og_site_name":"Buurehofspiugruppe Schwaubelin\u00e4scht","article_modified_time":"2023-08-23T13:54:33+00:00","og_image":[{"width":1024,"height":768,"url":"https:\/\/www.schwaubelinaescht.ch\/wp-content\/uploads\/2019\/06\/IMG_2379-1024x768.jpg","type":"image\/jpeg"}],"twitter_card":"summary_large_image","twitter_misc":{"Gesch\u00e4tzte Lesezeit":"2\u00a0Minuten"},"schema":{"@context":"https:\/\/schema.org","@graph":[{"@type":"WebPage","@id":"https:\/\/www.schwaubelinaescht.ch\/index.php\/regeln\/","url":"https:\/\/www.schwaubelinaescht.ch\/index.php\/regeln\/","name":"Infos - Buurehofspiugruppe Schwaubelin\u00e4scht","isPartOf":{"@id":"https:\/\/www.schwaubelinaescht.ch\/#website"},"primaryImageOfPage":{"@id":"https:\/\/www.schwaubelinaescht.ch\/index.php\/regeln\/#primaryimage"},"image":{"@id":"https:\/\/www.schwaubelinaescht.ch\/index.php\/regeln\/#primaryimage"},"thumbnailUrl":"https:\/\/www.schwaubelinaescht.ch\/wp-content\/uploads\/2019\/06\/IMG_2379.jpg","datePublished":"2019-06-11T19:30:02+00:00","dateModified":"2023-08-23T13:54:33+00:00","breadcrumb":{"@id":"https:\/\/www.schwaubelinaescht.ch\/index.php\/regeln\/#breadcrumb"},"inLanguage":"de","potentialAction":[{"@type":"ReadAction","target":["https:\/\/www.schwaubelinaescht.ch\/index.php\/regeln\/"]}]},{"@type":"ImageObject","inLanguage":"de","@id":"https:\/\/www.schwaubelinaescht.ch\/index.php\/regeln\/#primaryimage","url":"https:\/\/www.schwaubelinaescht.ch\/wp-content\/uploads\/2019\/06\/IMG_2379.jpg","contentUrl":"https:\/\/www.schwaubelinaescht.ch\/wp-content\/uploads\/2019\/06\/IMG_2379.jpg","width":4032,"height":3024},{"@type":"BreadcrumbList","@id":"https:\/\/www.schwaubelinaescht.ch\/index.php\/regeln\/#breadcrumb","itemListElement":[{"@type":"ListItem","position":1,"name":"Home","item":"https:\/\/www.schwaubelinaescht.ch\/"},{"@type":"ListItem","position":2,"name":"Infos"}]},{"@type":"WebSite","@id":"https:\/\/www.schwaubelinaescht.ch\/#website","url":"https:\/\/www.schwaubelinaescht.ch\/","name":"Buurehofspiugruppe Schwaubelin\u00e4scht","description":"eifach Ching si","publisher":{"@id":"https:\/\/www.schwaubelinaescht.ch\/#organization"},"potentialAction":[{"@type":"SearchAction","target":{"@type":"EntryPoint","urlTemplate":"https:\/\/www.schwaubelinaescht.ch\/?s={search_term_string}"},"query-input":{"@type":"PropertyValueSpecification","valueRequired":true,"valueName":"search_term_string"}}],"inLanguage":"de"},{"@type":"Organization","@id":"https:\/\/www.schwaubelinaescht.ch\/#organization","name":"Buurehofspiugruppe Schwaubelin\u00e4scht - Ramona Fl\u00fcckiger","url":"https:\/\/www.schwaubelinaescht.ch\/","logo":{"@type":"ImageObject","inLanguage":"de","@id":"https:\/\/www.schwaubelinaescht.ch\/#\/schema\/logo\/image\/","url":"https:\/\/www.schwaubelinaescht.ch\/wp-content\/uploads\/2019\/06\/Logo_Webseiten-Icon_520px-520px.gif","contentUrl":"https:\/\/www.schwaubelinaescht.ch\/wp-content\/uploads\/2019\/06\/Logo_Webseiten-Icon_520px-520px.gif","width":520,"height":520,"caption":"Buurehofspiugruppe Schwaubelin\u00e4scht - Ramona Fl\u00fcckiger"},"image":{"@id":"https:\/\/www.schwaubelinaescht.ch\/#\/schema\/logo\/image\/"}}]}},"_links":{"self":[{"href":"https:\/\/www.schwaubelinaescht.ch\/index.php\/wp-json\/wp\/v2\/pages\/17","targetHints":{"allow":["GET"]}}],"collection":[{"href":"https:\/\/www.schwaubelinaescht.ch\/index.php\/wp-json\/wp\/v2\/pages"}],"about":[{"href":"https:\/\/www.schwaubelinaescht.ch\/index.php\/wp-json\/wp\/v2\/types\/page"}],"author":[{"embeddable":true,"href":"https:\/\/www.schwaubelinaescht.ch\/index.php\/wp-json\/wp\/v2\/users\/1"}],"replies":[{"embeddable":true,"href":"https:\/\/www.schwaubelinaescht.ch\/index.php\/wp-json\/wp\/v2\/comments?post=17"}],"version-history":[{"count":8,"href":"https:\/\/www.schwaubelinaescht.ch\/index.php\/wp-json\/wp\/v2\/pages\/17\/revisions"}],"predecessor-version":[{"id":334,"href":"https:\/\/www.schwaubelinaescht.ch\/index.php\/wp-json\/wp\/v2\/pages\/17\/revisions\/334"}],"wp:featuredmedia":[{"embeddable":true,"href":"https:\/\/www.schwaubelinaescht.ch\/index.php\/wp-json\/wp\/v2\/media\/56"}],"wp:attachment":[{"href":"https:\/\/www.schwaubelinaescht.ch\/index.php\/wp-json\/wp\/v2\/media?parent=17"}],"curies":[{"name":"wp","href":"https:\/\/api.w.org\/{rel}","templated":true}]}}