{"id":15,"date":"2019-06-11T19:30:02","date_gmt":"2019-06-11T19:30:02","guid":{"rendered":"https:\/\/schwaubelinaescht.ch\/?page_id=15"},"modified":"2023-08-23T13:57:43","modified_gmt":"2023-08-23T13:57:43","slug":"bauernhof","status":"publish","type":"page","link":"https:\/\/www.schwaubelinaescht.ch\/index.php\/bauernhof\/","title":{"rendered":"\u00dcse Buurehof"},"content":{"rendered":"\n<p>Der Studenacherhof ist seit 1986 im Besitz der Familie Walther. Stefan bewirtschaftet den Betrieb momentan alleine, der eine Fl\u00e4che von 30 Hektar Ackerland und 3 Hektar Wald umfasst.<\/p>\n\n\n\n<p>Der Bauernhof befindet sich ausserhalb des Dorfes\nB\u00e4tterkinden in Richtung Kyburg.<\/p>\n\n\n\n<p>Wir sind ein \u00d6LN (\u00d6kolgischer Leistungsnachweis),\nIP-Suisse Tierhaltungsbetrieb.<\/p>\n\n\n\n<p>Auf unserem Hof sind Mutterschweine, Pferde, Walliser Schwarznasenschafe, Zwerggeissen, Kaninchen zu Hause.<\/p>\n\n\n\n<p>Stefan Walther und Ramona Walther<\/p>\n\n\n\n<figure class=\"wp-block-image\"><img loading=\"lazy\" decoding=\"async\" width=\"1024\" height=\"576\" src=\"https:\/\/www.schwaubelinaescht.ch\/wp-content\/uploads\/2019\/07\/DJI_0023-1024x576.jpg\" alt=\"\" class=\"wp-image-177\" srcset=\"https:\/\/www.schwaubelinaescht.ch\/wp-content\/uploads\/2019\/07\/DJI_0023-1024x576.jpg 1024w, https:\/\/www.schwaubelinaescht.ch\/wp-content\/uploads\/2019\/07\/DJI_0023-300x169.jpg 300w, https:\/\/www.schwaubelinaescht.ch\/wp-content\/uploads\/2019\/07\/DJI_0023-768x432.jpg 768w, https:\/\/www.schwaubelinaescht.ch\/wp-content\/uploads\/2019\/07\/DJI_0023-1568x882.jpg 1568w\" sizes=\"auto, (max-width: 1024px) 100vw, 1024px\" \/><\/figure>\n\n\n\n<p><\/p>\n","protected":false},"excerpt":{"rendered":"<p>Der Studenacherhof ist seit 1986 im Besitz der Familie Walther. Stefan bewirtschaftet den Betrieb momentan alleine, der eine Fl\u00e4che von 30 Hektar Ackerland und 3 Hektar Wald umfasst. Der Bauernhof befindet sich ausserhalb des Dorfes B\u00e4tterkinden in Richtung Kyburg. Wir sind ein \u00d6LN (\u00d6kolgischer Leistungsnachweis), IP-Suisse Tierhaltungsbetrieb. Auf unserem Hof sind Mutterschweine, Pferde, Walliser Schwarznasenschafe, &hellip; <\/p>\n<p class=\"link-more\"><a href=\"https:\/\/www.schwaubelinaescht.ch\/index.php\/bauernhof\/\" class=\"more-link\"><span class=\"screen-reader-text\">\u201e\u00dcse Buurehof\u201c <\/span>weiterlesen<\/a><\/p>\n","protected":false},"author":1,"featured_media":55,"parent":0,"menu_order":0,"comment_status":"closed","ping_status":"closed","template":"","meta":{"footnotes":""},"class_list":["post-15","page","type-page","status-publish","has-post-thumbnail","hentry","entry"],"yoast_head":"<!-- This site is optimized with the Yoast SEO plugin v26.9 - https:\/\/yoast.com\/product\/yoast-seo-wordpress\/ -->\n<title>\u00dcse Buurehof - Buurehofspiugruppe Schwaubelin\u00e4scht<\/title>\n<meta name=\"robots\" content=\"index, follow, max-snippet:-1, max-image-preview:large, max-video-preview:-1\" \/>\n<link rel=\"canonical\" href=\"https:\/\/www.schwaubelinaescht.ch\/index.php\/bauernhof\/\" \/>\n<meta property=\"og:locale\" content=\"de_DE\" \/>\n<meta property=\"og:type\" content=\"article\" \/>\n<meta property=\"og:title\" content=\"\u00dcse Buurehof - Buurehofspiugruppe Schwaubelin\u00e4scht\" \/>\n<meta property=\"og:description\" content=\"Der Studenacherhof ist seit 1986 im Besitz der Familie Walther. Stefan bewirtschaftet den Betrieb momentan alleine, der eine Fl\u00e4che von 30 Hektar Ackerland und 3 Hektar Wald umfasst. Der Bauernhof befindet sich ausserhalb des Dorfes B\u00e4tterkinden in Richtung Kyburg. Wir sind ein \u00d6LN (\u00d6kolgischer Leistungsnachweis), IP-Suisse Tierhaltungsbetrieb. Auf unserem Hof sind Mutterschweine, Pferde, Walliser Schwarznasenschafe, &hellip; \u201e\u00dcse Buurehof\u201c weiterlesen\" \/>\n<meta property=\"og:url\" content=\"https:\/\/www.schwaubelinaescht.ch\/index.php\/bauernhof\/\" \/>\n<meta property=\"og:site_name\" content=\"Buurehofspiugruppe Schwaubelin\u00e4scht\" \/>\n<meta property=\"article:modified_time\" content=\"2023-08-23T13:57:43+00:00\" \/>\n<meta property=\"og:image\" content=\"https:\/\/www.schwaubelinaescht.ch\/wp-content\/uploads\/2019\/06\/Unser-Hof.jpg\" \/>\n\t<meta property=\"og:image:width\" content=\"2000\" \/>\n\t<meta property=\"og:image:height\" content=\"1200\" \/>\n\t<meta property=\"og:image:type\" content=\"image\/jpeg\" \/>\n<meta name=\"twitter:card\" content=\"summary_large_image\" \/>\n<meta name=\"twitter:label1\" content=\"Gesch\u00e4tzte Lesezeit\" \/>\n\t<meta name=\"twitter:data1\" content=\"1\u00a0Minute\" \/>\n<script type=\"application\/ld+json\" class=\"yoast-schema-graph\">{\"@context\":\"https:\/\/schema.org\",\"@graph\":[{\"@type\":\"WebPage\",\"@id\":\"https:\/\/www.schwaubelinaescht.ch\/index.php\/bauernhof\/\",\"url\":\"https:\/\/www.schwaubelinaescht.ch\/index.php\/bauernhof\/\",\"name\":\"\u00dcse Buurehof - Buurehofspiugruppe Schwaubelin\u00e4scht\",\"isPartOf\":{\"@id\":\"https:\/\/www.schwaubelinaescht.ch\/#website\"},\"primaryImageOfPage\":{\"@id\":\"https:\/\/www.schwaubelinaescht.ch\/index.php\/bauernhof\/#primaryimage\"},\"image\":{\"@id\":\"https:\/\/www.schwaubelinaescht.ch\/index.php\/bauernhof\/#primaryimage\"},\"thumbnailUrl\":\"https:\/\/www.schwaubelinaescht.ch\/wp-content\/uploads\/2019\/06\/Unser-Hof.jpg\",\"datePublished\":\"2019-06-11T19:30:02+00:00\",\"dateModified\":\"2023-08-23T13:57:43+00:00\",\"breadcrumb\":{\"@id\":\"https:\/\/www.schwaubelinaescht.ch\/index.php\/bauernhof\/#breadcrumb\"},\"inLanguage\":\"de\",\"potentialAction\":[{\"@type\":\"ReadAction\",\"target\":[\"https:\/\/www.schwaubelinaescht.ch\/index.php\/bauernhof\/\"]}]},{\"@type\":\"ImageObject\",\"inLanguage\":\"de\",\"@id\":\"https:\/\/www.schwaubelinaescht.ch\/index.php\/bauernhof\/#primaryimage\",\"url\":\"https:\/\/www.schwaubelinaescht.ch\/wp-content\/uploads\/2019\/06\/Unser-Hof.jpg\",\"contentUrl\":\"https:\/\/www.schwaubelinaescht.ch\/wp-content\/uploads\/2019\/06\/Unser-Hof.jpg\",\"width\":2000,\"height\":1200},{\"@type\":\"BreadcrumbList\",\"@id\":\"https:\/\/www.schwaubelinaescht.ch\/index.php\/bauernhof\/#breadcrumb\",\"itemListElement\":[{\"@type\":\"ListItem\",\"position\":1,\"name\":\"Home\",\"item\":\"https:\/\/www.schwaubelinaescht.ch\/\"},{\"@type\":\"ListItem\",\"position\":2,\"name\":\"\u00dcse Buurehof\"}]},{\"@type\":\"WebSite\",\"@id\":\"https:\/\/www.schwaubelinaescht.ch\/#website\",\"url\":\"https:\/\/www.schwaubelinaescht.ch\/\",\"name\":\"Buurehofspiugruppe Schwaubelin\u00e4scht\",\"description\":\"eifach Ching si\",\"publisher\":{\"@id\":\"https:\/\/www.schwaubelinaescht.ch\/#organization\"},\"potentialAction\":[{\"@type\":\"SearchAction\",\"target\":{\"@type\":\"EntryPoint\",\"urlTemplate\":\"https:\/\/www.schwaubelinaescht.ch\/?s={search_term_string}\"},\"query-input\":{\"@type\":\"PropertyValueSpecification\",\"valueRequired\":true,\"valueName\":\"search_term_string\"}}],\"inLanguage\":\"de\"},{\"@type\":\"Organization\",\"@id\":\"https:\/\/www.schwaubelinaescht.ch\/#organization\",\"name\":\"Buurehofspiugruppe Schwaubelin\u00e4scht - Ramona Fl\u00fcckiger\",\"url\":\"https:\/\/www.schwaubelinaescht.ch\/\",\"logo\":{\"@type\":\"ImageObject\",\"inLanguage\":\"de\",\"@id\":\"https:\/\/www.schwaubelinaescht.ch\/#\/schema\/logo\/image\/\",\"url\":\"https:\/\/www.schwaubelinaescht.ch\/wp-content\/uploads\/2019\/06\/Logo_Webseiten-Icon_520px-520px.gif\",\"contentUrl\":\"https:\/\/www.schwaubelinaescht.ch\/wp-content\/uploads\/2019\/06\/Logo_Webseiten-Icon_520px-520px.gif\",\"width\":520,\"height\":520,\"caption\":\"Buurehofspiugruppe Schwaubelin\u00e4scht - Ramona Fl\u00fcckiger\"},\"image\":{\"@id\":\"https:\/\/www.schwaubelinaescht.ch\/#\/schema\/logo\/image\/\"}}]}<\/script>\n<!-- \/ Yoast SEO plugin. -->","yoast_head_json":{"title":"\u00dcse Buurehof - Buurehofspiugruppe Schwaubelin\u00e4scht","robots":{"index":"index","follow":"follow","max-snippet":"max-snippet:-1","max-image-preview":"max-image-preview:large","max-video-preview":"max-video-preview:-1"},"canonical":"https:\/\/www.schwaubelinaescht.ch\/index.php\/bauernhof\/","og_locale":"de_DE","og_type":"article","og_title":"\u00dcse Buurehof - Buurehofspiugruppe Schwaubelin\u00e4scht","og_description":"Der Studenacherhof ist seit 1986 im Besitz der Familie Walther. Stefan bewirtschaftet den Betrieb momentan alleine, der eine Fl\u00e4che von 30 Hektar Ackerland und 3 Hektar Wald umfasst. Der Bauernhof befindet sich ausserhalb des Dorfes B\u00e4tterkinden in Richtung Kyburg. Wir sind ein \u00d6LN (\u00d6kolgischer Leistungsnachweis), IP-Suisse Tierhaltungsbetrieb. Auf unserem Hof sind Mutterschweine, Pferde, Walliser Schwarznasenschafe, &hellip; \u201e\u00dcse Buurehof\u201c weiterlesen","og_url":"https:\/\/www.schwaubelinaescht.ch\/index.php\/bauernhof\/","og_site_name":"Buurehofspiugruppe Schwaubelin\u00e4scht","article_modified_time":"2023-08-23T13:57:43+00:00","og_image":[{"width":2000,"height":1200,"url":"https:\/\/www.schwaubelinaescht.ch\/wp-content\/uploads\/2019\/06\/Unser-Hof.jpg","type":"image\/jpeg"}],"twitter_card":"summary_large_image","twitter_misc":{"Gesch\u00e4tzte Lesezeit":"1\u00a0Minute"},"schema":{"@context":"https:\/\/schema.org","@graph":[{"@type":"WebPage","@id":"https:\/\/www.schwaubelinaescht.ch\/index.php\/bauernhof\/","url":"https:\/\/www.schwaubelinaescht.ch\/index.php\/bauernhof\/","name":"\u00dcse Buurehof - Buurehofspiugruppe Schwaubelin\u00e4scht","isPartOf":{"@id":"https:\/\/www.schwaubelinaescht.ch\/#website"},"primaryImageOfPage":{"@id":"https:\/\/www.schwaubelinaescht.ch\/index.php\/bauernhof\/#primaryimage"},"image":{"@id":"https:\/\/www.schwaubelinaescht.ch\/index.php\/bauernhof\/#primaryimage"},"thumbnailUrl":"https:\/\/www.schwaubelinaescht.ch\/wp-content\/uploads\/2019\/06\/Unser-Hof.jpg","datePublished":"2019-06-11T19:30:02+00:00","dateModified":"2023-08-23T13:57:43+00:00","breadcrumb":{"@id":"https:\/\/www.schwaubelinaescht.ch\/index.php\/bauernhof\/#breadcrumb"},"inLanguage":"de","potentialAction":[{"@type":"ReadAction","target":["https:\/\/www.schwaubelinaescht.ch\/index.php\/bauernhof\/"]}]},{"@type":"ImageObject","inLanguage":"de","@id":"https:\/\/www.schwaubelinaescht.ch\/index.php\/bauernhof\/#primaryimage","url":"https:\/\/www.schwaubelinaescht.ch\/wp-content\/uploads\/2019\/06\/Unser-Hof.jpg","contentUrl":"https:\/\/www.schwaubelinaescht.ch\/wp-content\/uploads\/2019\/06\/Unser-Hof.jpg","width":2000,"height":1200},{"@type":"BreadcrumbList","@id":"https:\/\/www.schwaubelinaescht.ch\/index.php\/bauernhof\/#breadcrumb","itemListElement":[{"@type":"ListItem","position":1,"name":"Home","item":"https:\/\/www.schwaubelinaescht.ch\/"},{"@type":"ListItem","position":2,"name":"\u00dcse Buurehof"}]},{"@type":"WebSite","@id":"https:\/\/www.schwaubelinaescht.ch\/#website","url":"https:\/\/www.schwaubelinaescht.ch\/","name":"Buurehofspiugruppe Schwaubelin\u00e4scht","description":"eifach Ching si","publisher":{"@id":"https:\/\/www.schwaubelinaescht.ch\/#organization"},"potentialAction":[{"@type":"SearchAction","target":{"@type":"EntryPoint","urlTemplate":"https:\/\/www.schwaubelinaescht.ch\/?s={search_term_string}"},"query-input":{"@type":"PropertyValueSpecification","valueRequired":true,"valueName":"search_term_string"}}],"inLanguage":"de"},{"@type":"Organization","@id":"https:\/\/www.schwaubelinaescht.ch\/#organization","name":"Buurehofspiugruppe Schwaubelin\u00e4scht - Ramona Fl\u00fcckiger","url":"https:\/\/www.schwaubelinaescht.ch\/","logo":{"@type":"ImageObject","inLanguage":"de","@id":"https:\/\/www.schwaubelinaescht.ch\/#\/schema\/logo\/image\/","url":"https:\/\/www.schwaubelinaescht.ch\/wp-content\/uploads\/2019\/06\/Logo_Webseiten-Icon_520px-520px.gif","contentUrl":"https:\/\/www.schwaubelinaescht.ch\/wp-content\/uploads\/2019\/06\/Logo_Webseiten-Icon_520px-520px.gif","width":520,"height":520,"caption":"Buurehofspiugruppe Schwaubelin\u00e4scht - Ramona Fl\u00fcckiger"},"image":{"@id":"https:\/\/www.schwaubelinaescht.ch\/#\/schema\/logo\/image\/"}}]}},"_links":{"self":[{"href":"https:\/\/www.schwaubelinaescht.ch\/index.php\/wp-json\/wp\/v2\/pages\/15","targetHints":{"allow":["GET"]}}],"collection":[{"href":"https:\/\/www.schwaubelinaescht.ch\/index.php\/wp-json\/wp\/v2\/pages"}],"about":[{"href":"https:\/\/www.schwaubelinaescht.ch\/index.php\/wp-json\/wp\/v2\/types\/page"}],"author":[{"embeddable":true,"href":"https:\/\/www.schwaubelinaescht.ch\/index.php\/wp-json\/wp\/v2\/users\/1"}],"replies":[{"embeddable":true,"href":"https:\/\/www.schwaubelinaescht.ch\/index.php\/wp-json\/wp\/v2\/comments?post=15"}],"version-history":[{"count":11,"href":"https:\/\/www.schwaubelinaescht.ch\/index.php\/wp-json\/wp\/v2\/pages\/15\/revisions"}],"predecessor-version":[{"id":337,"href":"https:\/\/www.schwaubelinaescht.ch\/index.php\/wp-json\/wp\/v2\/pages\/15\/revisions\/337"}],"wp:featuredmedia":[{"embeddable":true,"href":"https:\/\/www.schwaubelinaescht.ch\/index.php\/wp-json\/wp\/v2\/media\/55"}],"wp:attachment":[{"href":"https:\/\/www.schwaubelinaescht.ch\/index.php\/wp-json\/wp\/v2\/media?parent=15"}],"curies":[{"name":"wp","href":"https:\/\/api.w.org\/{rel}","templated":true}]}}