{"id":124,"date":"2019-07-03T19:30:57","date_gmt":"2019-07-03T19:30:57","guid":{"rendered":"https:\/\/schwaubelinaescht.ch\/?page_id=124"},"modified":"2019-12-28T16:26:51","modified_gmt":"2019-12-28T16:26:51","slug":"kontakt","status":"publish","type":"page","link":"https:\/\/www.schwaubelinaescht.ch\/index.php\/kontakt\/","title":{"rendered":"Kontakt"},"content":{"rendered":"\n<p>Bei Fragen stehe ich gerne zur Verf\u00fcgung:<\/p>\n\n\n\n<p>Bauernhofspielgruppe Schwaubelin\u00e4scht<\/p>\n\n\n\n<p><br>Ramona Walther <br>Studenacher 1 <br>3315 B\u00e4tterkinden <br><br><a href=\"mailto:ramona@schwaubelinaescht.ch\">ramona@schwaubelinaescht.ch<\/a> <br>www.schwaubelinaescht.ch <br>079 823 63 38 <\/p>\n","protected":false},"excerpt":{"rendered":"<p>Bei Fragen stehe ich gerne zur Verf\u00fcgung: Bauernhofspielgruppe Schwaubelin\u00e4scht Ramona Walther Studenacher 1 3315 B\u00e4tterkinden ramona@schwaubelinaescht.ch www.schwaubelinaescht.ch 079 823 63 38<\/p>\n","protected":false},"author":1,"featured_media":148,"parent":0,"menu_order":0,"comment_status":"closed","ping_status":"closed","template":"","meta":{"footnotes":""},"class_list":["post-124","page","type-page","status-publish","has-post-thumbnail","hentry","entry"],"yoast_head":"<!-- This site is optimized with the Yoast SEO plugin v26.9 - https:\/\/yoast.com\/product\/yoast-seo-wordpress\/ -->\n<title>Kontakt - Buurehofspiugruppe Schwaubelin\u00e4scht<\/title>\n<meta name=\"robots\" content=\"index, follow, max-snippet:-1, max-image-preview:large, max-video-preview:-1\" \/>\n<link rel=\"canonical\" href=\"https:\/\/www.schwaubelinaescht.ch\/index.php\/kontakt\/\" \/>\n<meta property=\"og:locale\" content=\"de_DE\" \/>\n<meta property=\"og:type\" content=\"article\" \/>\n<meta property=\"og:title\" content=\"Kontakt - Buurehofspiugruppe Schwaubelin\u00e4scht\" \/>\n<meta property=\"og:description\" content=\"Bei Fragen stehe ich gerne zur Verf\u00fcgung: Bauernhofspielgruppe Schwaubelin\u00e4scht Ramona Walther Studenacher 1 3315 B\u00e4tterkinden ramona@schwaubelinaescht.ch www.schwaubelinaescht.ch 079 823 63 38\" \/>\n<meta property=\"og:url\" content=\"https:\/\/www.schwaubelinaescht.ch\/index.php\/kontakt\/\" \/>\n<meta property=\"og:site_name\" content=\"Buurehofspiugruppe Schwaubelin\u00e4scht\" \/>\n<meta property=\"article:modified_time\" content=\"2019-12-28T16:26:51+00:00\" \/>\n<meta property=\"og:image\" content=\"https:\/\/www.schwaubelinaescht.ch\/wp-content\/uploads\/2019\/07\/IMG_2363.jpg\" \/>\n\t<meta property=\"og:image:width\" content=\"828\" \/>\n\t<meta property=\"og:image:height\" content=\"612\" \/>\n\t<meta property=\"og:image:type\" content=\"image\/jpeg\" \/>\n<meta name=\"twitter:card\" content=\"summary_large_image\" \/>\n<script type=\"application\/ld+json\" class=\"yoast-schema-graph\">{\"@context\":\"https:\/\/schema.org\",\"@graph\":[{\"@type\":\"WebPage\",\"@id\":\"https:\/\/www.schwaubelinaescht.ch\/index.php\/kontakt\/\",\"url\":\"https:\/\/www.schwaubelinaescht.ch\/index.php\/kontakt\/\",\"name\":\"Kontakt - Buurehofspiugruppe Schwaubelin\u00e4scht\",\"isPartOf\":{\"@id\":\"https:\/\/www.schwaubelinaescht.ch\/#website\"},\"primaryImageOfPage\":{\"@id\":\"https:\/\/www.schwaubelinaescht.ch\/index.php\/kontakt\/#primaryimage\"},\"image\":{\"@id\":\"https:\/\/www.schwaubelinaescht.ch\/index.php\/kontakt\/#primaryimage\"},\"thumbnailUrl\":\"https:\/\/www.schwaubelinaescht.ch\/wp-content\/uploads\/2019\/07\/IMG_2363.jpg\",\"datePublished\":\"2019-07-03T19:30:57+00:00\",\"dateModified\":\"2019-12-28T16:26:51+00:00\",\"breadcrumb\":{\"@id\":\"https:\/\/www.schwaubelinaescht.ch\/index.php\/kontakt\/#breadcrumb\"},\"inLanguage\":\"de\",\"potentialAction\":[{\"@type\":\"ReadAction\",\"target\":[\"https:\/\/www.schwaubelinaescht.ch\/index.php\/kontakt\/\"]}]},{\"@type\":\"ImageObject\",\"inLanguage\":\"de\",\"@id\":\"https:\/\/www.schwaubelinaescht.ch\/index.php\/kontakt\/#primaryimage\",\"url\":\"https:\/\/www.schwaubelinaescht.ch\/wp-content\/uploads\/2019\/07\/IMG_2363.jpg\",\"contentUrl\":\"https:\/\/www.schwaubelinaescht.ch\/wp-content\/uploads\/2019\/07\/IMG_2363.jpg\",\"width\":828,\"height\":612},{\"@type\":\"BreadcrumbList\",\"@id\":\"https:\/\/www.schwaubelinaescht.ch\/index.php\/kontakt\/#breadcrumb\",\"itemListElement\":[{\"@type\":\"ListItem\",\"position\":1,\"name\":\"Home\",\"item\":\"https:\/\/www.schwaubelinaescht.ch\/\"},{\"@type\":\"ListItem\",\"position\":2,\"name\":\"Kontakt\"}]},{\"@type\":\"WebSite\",\"@id\":\"https:\/\/www.schwaubelinaescht.ch\/#website\",\"url\":\"https:\/\/www.schwaubelinaescht.ch\/\",\"name\":\"Buurehofspiugruppe Schwaubelin\u00e4scht\",\"description\":\"eifach Ching si\",\"publisher\":{\"@id\":\"https:\/\/www.schwaubelinaescht.ch\/#organization\"},\"potentialAction\":[{\"@type\":\"SearchAction\",\"target\":{\"@type\":\"EntryPoint\",\"urlTemplate\":\"https:\/\/www.schwaubelinaescht.ch\/?s={search_term_string}\"},\"query-input\":{\"@type\":\"PropertyValueSpecification\",\"valueRequired\":true,\"valueName\":\"search_term_string\"}}],\"inLanguage\":\"de\"},{\"@type\":\"Organization\",\"@id\":\"https:\/\/www.schwaubelinaescht.ch\/#organization\",\"name\":\"Buurehofspiugruppe Schwaubelin\u00e4scht - Ramona Fl\u00fcckiger\",\"url\":\"https:\/\/www.schwaubelinaescht.ch\/\",\"logo\":{\"@type\":\"ImageObject\",\"inLanguage\":\"de\",\"@id\":\"https:\/\/www.schwaubelinaescht.ch\/#\/schema\/logo\/image\/\",\"url\":\"https:\/\/www.schwaubelinaescht.ch\/wp-content\/uploads\/2019\/06\/Logo_Webseiten-Icon_520px-520px.gif\",\"contentUrl\":\"https:\/\/www.schwaubelinaescht.ch\/wp-content\/uploads\/2019\/06\/Logo_Webseiten-Icon_520px-520px.gif\",\"width\":520,\"height\":520,\"caption\":\"Buurehofspiugruppe Schwaubelin\u00e4scht - Ramona Fl\u00fcckiger\"},\"image\":{\"@id\":\"https:\/\/www.schwaubelinaescht.ch\/#\/schema\/logo\/image\/\"}}]}<\/script>\n<!-- \/ Yoast SEO plugin. -->","yoast_head_json":{"title":"Kontakt - Buurehofspiugruppe Schwaubelin\u00e4scht","robots":{"index":"index","follow":"follow","max-snippet":"max-snippet:-1","max-image-preview":"max-image-preview:large","max-video-preview":"max-video-preview:-1"},"canonical":"https:\/\/www.schwaubelinaescht.ch\/index.php\/kontakt\/","og_locale":"de_DE","og_type":"article","og_title":"Kontakt - Buurehofspiugruppe Schwaubelin\u00e4scht","og_description":"Bei Fragen stehe ich gerne zur Verf\u00fcgung: Bauernhofspielgruppe Schwaubelin\u00e4scht Ramona Walther Studenacher 1 3315 B\u00e4tterkinden ramona@schwaubelinaescht.ch www.schwaubelinaescht.ch 079 823 63 38","og_url":"https:\/\/www.schwaubelinaescht.ch\/index.php\/kontakt\/","og_site_name":"Buurehofspiugruppe Schwaubelin\u00e4scht","article_modified_time":"2019-12-28T16:26:51+00:00","og_image":[{"width":828,"height":612,"url":"https:\/\/www.schwaubelinaescht.ch\/wp-content\/uploads\/2019\/07\/IMG_2363.jpg","type":"image\/jpeg"}],"twitter_card":"summary_large_image","schema":{"@context":"https:\/\/schema.org","@graph":[{"@type":"WebPage","@id":"https:\/\/www.schwaubelinaescht.ch\/index.php\/kontakt\/","url":"https:\/\/www.schwaubelinaescht.ch\/index.php\/kontakt\/","name":"Kontakt - Buurehofspiugruppe Schwaubelin\u00e4scht","isPartOf":{"@id":"https:\/\/www.schwaubelinaescht.ch\/#website"},"primaryImageOfPage":{"@id":"https:\/\/www.schwaubelinaescht.ch\/index.php\/kontakt\/#primaryimage"},"image":{"@id":"https:\/\/www.schwaubelinaescht.ch\/index.php\/kontakt\/#primaryimage"},"thumbnailUrl":"https:\/\/www.schwaubelinaescht.ch\/wp-content\/uploads\/2019\/07\/IMG_2363.jpg","datePublished":"2019-07-03T19:30:57+00:00","dateModified":"2019-12-28T16:26:51+00:00","breadcrumb":{"@id":"https:\/\/www.schwaubelinaescht.ch\/index.php\/kontakt\/#breadcrumb"},"inLanguage":"de","potentialAction":[{"@type":"ReadAction","target":["https:\/\/www.schwaubelinaescht.ch\/index.php\/kontakt\/"]}]},{"@type":"ImageObject","inLanguage":"de","@id":"https:\/\/www.schwaubelinaescht.ch\/index.php\/kontakt\/#primaryimage","url":"https:\/\/www.schwaubelinaescht.ch\/wp-content\/uploads\/2019\/07\/IMG_2363.jpg","contentUrl":"https:\/\/www.schwaubelinaescht.ch\/wp-content\/uploads\/2019\/07\/IMG_2363.jpg","width":828,"height":612},{"@type":"BreadcrumbList","@id":"https:\/\/www.schwaubelinaescht.ch\/index.php\/kontakt\/#breadcrumb","itemListElement":[{"@type":"ListItem","position":1,"name":"Home","item":"https:\/\/www.schwaubelinaescht.ch\/"},{"@type":"ListItem","position":2,"name":"Kontakt"}]},{"@type":"WebSite","@id":"https:\/\/www.schwaubelinaescht.ch\/#website","url":"https:\/\/www.schwaubelinaescht.ch\/","name":"Buurehofspiugruppe Schwaubelin\u00e4scht","description":"eifach Ching si","publisher":{"@id":"https:\/\/www.schwaubelinaescht.ch\/#organization"},"potentialAction":[{"@type":"SearchAction","target":{"@type":"EntryPoint","urlTemplate":"https:\/\/www.schwaubelinaescht.ch\/?s={search_term_string}"},"query-input":{"@type":"PropertyValueSpecification","valueRequired":true,"valueName":"search_term_string"}}],"inLanguage":"de"},{"@type":"Organization","@id":"https:\/\/www.schwaubelinaescht.ch\/#organization","name":"Buurehofspiugruppe Schwaubelin\u00e4scht - Ramona Fl\u00fcckiger","url":"https:\/\/www.schwaubelinaescht.ch\/","logo":{"@type":"ImageObject","inLanguage":"de","@id":"https:\/\/www.schwaubelinaescht.ch\/#\/schema\/logo\/image\/","url":"https:\/\/www.schwaubelinaescht.ch\/wp-content\/uploads\/2019\/06\/Logo_Webseiten-Icon_520px-520px.gif","contentUrl":"https:\/\/www.schwaubelinaescht.ch\/wp-content\/uploads\/2019\/06\/Logo_Webseiten-Icon_520px-520px.gif","width":520,"height":520,"caption":"Buurehofspiugruppe Schwaubelin\u00e4scht - Ramona Fl\u00fcckiger"},"image":{"@id":"https:\/\/www.schwaubelinaescht.ch\/#\/schema\/logo\/image\/"}}]}},"_links":{"self":[{"href":"https:\/\/www.schwaubelinaescht.ch\/index.php\/wp-json\/wp\/v2\/pages\/124","targetHints":{"allow":["GET"]}}],"collection":[{"href":"https:\/\/www.schwaubelinaescht.ch\/index.php\/wp-json\/wp\/v2\/pages"}],"about":[{"href":"https:\/\/www.schwaubelinaescht.ch\/index.php\/wp-json\/wp\/v2\/types\/page"}],"author":[{"embeddable":true,"href":"https:\/\/www.schwaubelinaescht.ch\/index.php\/wp-json\/wp\/v2\/users\/1"}],"replies":[{"embeddable":true,"href":"https:\/\/www.schwaubelinaescht.ch\/index.php\/wp-json\/wp\/v2\/comments?post=124"}],"version-history":[{"count":3,"href":"https:\/\/www.schwaubelinaescht.ch\/index.php\/wp-json\/wp\/v2\/pages\/124\/revisions"}],"predecessor-version":[{"id":213,"href":"https:\/\/www.schwaubelinaescht.ch\/index.php\/wp-json\/wp\/v2\/pages\/124\/revisions\/213"}],"wp:featuredmedia":[{"embeddable":true,"href":"https:\/\/www.schwaubelinaescht.ch\/index.php\/wp-json\/wp\/v2\/media\/148"}],"wp:attachment":[{"href":"https:\/\/www.schwaubelinaescht.ch\/index.php\/wp-json\/wp\/v2\/media?parent=124"}],"curies":[{"name":"wp","href":"https:\/\/api.w.org\/{rel}","templated":true}]}}