{"id":11,"date":"2019-06-11T19:25:29","date_gmt":"2019-06-11T19:25:29","guid":{"rendered":"https:\/\/schwaubelinaescht.ch\/?page_id=11"},"modified":"2026-01-07T13:28:55","modified_gmt":"2026-01-07T13:28:55","slug":"home","status":"publish","type":"page","link":"https:\/\/www.schwaubelinaescht.ch\/","title":{"rendered":"H\u00e4rzlich W\u00fcukomme im Studenacher"},"content":{"rendered":"\n<p>Nach den Sommerferien 2026 starten wir in die siebte Runde mit unserer Bauernhofspielgruppe Schwaubelin\u00e4scht.<\/p>\n\n\n\n<p>Kinder im Alter von 2,5 bis 5 Jahren k\u00f6nnen bei uns das Leben auf einem Bauernhof hautnah miterleben.<\/p>\n\n\n\n<p>Beim F\u00fcttern der Pferde, Schafe, Ziegen, Ch\u00fcngeli, Meerschweinchen lernen die Kinder die verschiedenen Bed\u00fcrfnisse der Tiere kennen. Auch kommen streicheln, putzen und \u00abg\u00e4rn ha\u00bb nicht zu kurz. Mit dem \u00abTschaupitraktor\u00bb k\u00f6nnen die Kinder \u00fcber den Hofplatz rattern und beim Erkunden des Bauernhofes mit seinen \u00abSchnousi Eggen\u00bb sehen sie auch, wo Pommes-Chips ihren Ursprung haben. Das und noch vieles mehr erwartet die Kinder bei uns im Studenacher.<\/p>\n\n\n\n<p>Mit\nguter Kleidung ausgestattet, trotzen wir jedem Wetter. Sollte der Himmel\ndennoch gegen uns sein, haben wir einen wettergesch\u00fctzten Raum, in dem wir uns\n\u00abvert\u00f6rle\u00bb k\u00f6nnen. Basteln und Zeichnen werden jedoch nicht im Fokus stehen.<\/p>\n\n\n\n<p>Die\nKinder entwickeln ihre sozialen Kompetenzen, Aufmerksamkeit und Koordination. <\/p>\n\n\n\n<p>Die Spielgruppe findet jeweils Dienstag und Mittwochmorgen von 8.45 bis 11.15 Uhr statt.<\/p>\n\n\n\n<p><\/p>\n\n\n\n<p><strong>ACHTUNG f\u00fcrs Sp\u00fcugruppejohr 2026\/2027 isch Dienstag u Mittwoch voll.<\/strong><\/p>\n\n\n\n<p><\/p>\n\n\n\n<p><\/p>\n\n\n\n<p><\/p>\n\n\n\n<p><\/p>\n\n\n\n<p><\/p>\n","protected":false},"excerpt":{"rendered":"<p>Nach den Sommerferien 2026 starten wir in die siebte Runde mit unserer Bauernhofspielgruppe Schwaubelin\u00e4scht. Kinder im Alter von 2,5 bis 5 Jahren k\u00f6nnen bei uns das Leben auf einem Bauernhof hautnah miterleben. Beim F\u00fcttern der Pferde, Schafe, Ziegen, Ch\u00fcngeli, Meerschweinchen lernen die Kinder die verschiedenen Bed\u00fcrfnisse der Tiere kennen. Auch kommen streicheln, putzen und \u00abg\u00e4rn &hellip; <\/p>\n<p class=\"link-more\"><a href=\"https:\/\/www.schwaubelinaescht.ch\/\" class=\"more-link\"><span class=\"screen-reader-text\">\u201eH\u00e4rzlich W\u00fcukomme im Studenacher\u201c <\/span>weiterlesen<\/a><\/p>\n","protected":false},"author":1,"featured_media":115,"parent":0,"menu_order":0,"comment_status":"closed","ping_status":"closed","template":"","meta":{"footnotes":""},"class_list":["post-11","page","type-page","status-publish","has-post-thumbnail","hentry","entry"],"yoast_head":"<!-- This site is optimized with the Yoast SEO plugin v26.9 - https:\/\/yoast.com\/product\/yoast-seo-wordpress\/ -->\n<title>Buurhofspiugruppe Schwaubelin\u00e4scht - Ramona Walther<\/title>\n<meta name=\"description\" content=\"In der Bauernhofspielgruppe Schwaubelin\u00e4scht k\u00f6nnen Kinder im Alter von drei bis f\u00fcnf Jahren das Leben auf einem Bauernhof hautnah miterleben.\" \/>\n<meta name=\"robots\" content=\"index, follow, max-snippet:-1, max-image-preview:large, max-video-preview:-1\" \/>\n<link rel=\"canonical\" href=\"https:\/\/www.schwaubelinaescht.ch\/\" \/>\n<meta property=\"og:locale\" content=\"de_DE\" \/>\n<meta property=\"og:type\" content=\"article\" \/>\n<meta property=\"og:title\" content=\"Buurhofspiugruppe Schwaubelin\u00e4scht - Ramona Walther\" \/>\n<meta property=\"og:description\" content=\"In der Bauernhofspielgruppe Schwaubelin\u00e4scht k\u00f6nnen Kinder im Alter von drei bis f\u00fcnf Jahren das Leben auf einem Bauernhof hautnah miterleben.\" \/>\n<meta property=\"og:url\" content=\"https:\/\/www.schwaubelinaescht.ch\/\" \/>\n<meta property=\"og:site_name\" content=\"Buurehofspiugruppe Schwaubelin\u00e4scht\" \/>\n<meta property=\"article:modified_time\" content=\"2026-01-07T13:28:55+00:00\" \/>\n<meta property=\"og:image\" content=\"https:\/\/www.schwaubelinaescht.ch\/wp-content\/uploads\/2019\/06\/Logo_Hintergrund_lavendel_titel.jpg\" \/>\n\t<meta property=\"og:image:width\" content=\"4000\" \/>\n\t<meta property=\"og:image:height\" content=\"2000\" \/>\n\t<meta property=\"og:image:type\" content=\"image\/jpeg\" \/>\n<meta name=\"twitter:card\" content=\"summary_large_image\" \/>\n<meta name=\"twitter:label1\" content=\"Gesch\u00e4tzte Lesezeit\" \/>\n\t<meta name=\"twitter:data1\" content=\"2\u00a0Minuten\" \/>\n<script type=\"application\/ld+json\" class=\"yoast-schema-graph\">{\"@context\":\"https:\/\/schema.org\",\"@graph\":[{\"@type\":\"WebPage\",\"@id\":\"https:\/\/www.schwaubelinaescht.ch\/\",\"url\":\"https:\/\/www.schwaubelinaescht.ch\/\",\"name\":\"Buurhofspiugruppe Schwaubelin\u00e4scht - Ramona Walther\",\"isPartOf\":{\"@id\":\"https:\/\/www.schwaubelinaescht.ch\/#website\"},\"primaryImageOfPage\":{\"@id\":\"https:\/\/www.schwaubelinaescht.ch\/#primaryimage\"},\"image\":{\"@id\":\"https:\/\/www.schwaubelinaescht.ch\/#primaryimage\"},\"thumbnailUrl\":\"https:\/\/www.schwaubelinaescht.ch\/wp-content\/uploads\/2019\/06\/Logo_Hintergrund_lavendel_titel.jpg\",\"datePublished\":\"2019-06-11T19:25:29+00:00\",\"dateModified\":\"2026-01-07T13:28:55+00:00\",\"description\":\"In der Bauernhofspielgruppe Schwaubelin\u00e4scht k\u00f6nnen Kinder im Alter von drei bis f\u00fcnf Jahren das Leben auf einem Bauernhof hautnah miterleben.\",\"breadcrumb\":{\"@id\":\"https:\/\/www.schwaubelinaescht.ch\/#breadcrumb\"},\"inLanguage\":\"de\",\"potentialAction\":[{\"@type\":\"ReadAction\",\"target\":[\"https:\/\/www.schwaubelinaescht.ch\/\"]}]},{\"@type\":\"ImageObject\",\"inLanguage\":\"de\",\"@id\":\"https:\/\/www.schwaubelinaescht.ch\/#primaryimage\",\"url\":\"https:\/\/www.schwaubelinaescht.ch\/wp-content\/uploads\/2019\/06\/Logo_Hintergrund_lavendel_titel.jpg\",\"contentUrl\":\"https:\/\/www.schwaubelinaescht.ch\/wp-content\/uploads\/2019\/06\/Logo_Hintergrund_lavendel_titel.jpg\",\"width\":4000,\"height\":2000},{\"@type\":\"BreadcrumbList\",\"@id\":\"https:\/\/www.schwaubelinaescht.ch\/#breadcrumb\",\"itemListElement\":[{\"@type\":\"ListItem\",\"position\":1,\"name\":\"Home\",\"item\":\"https:\/\/www.schwaubelinaescht.ch\/\"},{\"@type\":\"ListItem\",\"position\":2,\"name\":\"H\u00e4rzlich W\u00fcukomme im Studenacher\"}]},{\"@type\":\"WebSite\",\"@id\":\"https:\/\/www.schwaubelinaescht.ch\/#website\",\"url\":\"https:\/\/www.schwaubelinaescht.ch\/\",\"name\":\"Buurehofspiugruppe Schwaubelin\u00e4scht\",\"description\":\"eifach Ching si\",\"publisher\":{\"@id\":\"https:\/\/www.schwaubelinaescht.ch\/#organization\"},\"potentialAction\":[{\"@type\":\"SearchAction\",\"target\":{\"@type\":\"EntryPoint\",\"urlTemplate\":\"https:\/\/www.schwaubelinaescht.ch\/?s={search_term_string}\"},\"query-input\":{\"@type\":\"PropertyValueSpecification\",\"valueRequired\":true,\"valueName\":\"search_term_string\"}}],\"inLanguage\":\"de\"},{\"@type\":\"Organization\",\"@id\":\"https:\/\/www.schwaubelinaescht.ch\/#organization\",\"name\":\"Buurehofspiugruppe Schwaubelin\u00e4scht - Ramona Fl\u00fcckiger\",\"url\":\"https:\/\/www.schwaubelinaescht.ch\/\",\"logo\":{\"@type\":\"ImageObject\",\"inLanguage\":\"de\",\"@id\":\"https:\/\/www.schwaubelinaescht.ch\/#\/schema\/logo\/image\/\",\"url\":\"https:\/\/www.schwaubelinaescht.ch\/wp-content\/uploads\/2019\/06\/Logo_Webseiten-Icon_520px-520px.gif\",\"contentUrl\":\"https:\/\/www.schwaubelinaescht.ch\/wp-content\/uploads\/2019\/06\/Logo_Webseiten-Icon_520px-520px.gif\",\"width\":520,\"height\":520,\"caption\":\"Buurehofspiugruppe Schwaubelin\u00e4scht - Ramona Fl\u00fcckiger\"},\"image\":{\"@id\":\"https:\/\/www.schwaubelinaescht.ch\/#\/schema\/logo\/image\/\"}}]}<\/script>\n<!-- \/ Yoast SEO plugin. -->","yoast_head_json":{"title":"Buurhofspiugruppe Schwaubelin\u00e4scht - Ramona Walther","description":"In der Bauernhofspielgruppe Schwaubelin\u00e4scht k\u00f6nnen Kinder im Alter von drei bis f\u00fcnf Jahren das Leben auf einem Bauernhof hautnah miterleben.","robots":{"index":"index","follow":"follow","max-snippet":"max-snippet:-1","max-image-preview":"max-image-preview:large","max-video-preview":"max-video-preview:-1"},"canonical":"https:\/\/www.schwaubelinaescht.ch\/","og_locale":"de_DE","og_type":"article","og_title":"Buurhofspiugruppe Schwaubelin\u00e4scht - Ramona Walther","og_description":"In der Bauernhofspielgruppe Schwaubelin\u00e4scht k\u00f6nnen Kinder im Alter von drei bis f\u00fcnf Jahren das Leben auf einem Bauernhof hautnah miterleben.","og_url":"https:\/\/www.schwaubelinaescht.ch\/","og_site_name":"Buurehofspiugruppe Schwaubelin\u00e4scht","article_modified_time":"2026-01-07T13:28:55+00:00","og_image":[{"width":4000,"height":2000,"url":"https:\/\/www.schwaubelinaescht.ch\/wp-content\/uploads\/2019\/06\/Logo_Hintergrund_lavendel_titel.jpg","type":"image\/jpeg"}],"twitter_card":"summary_large_image","twitter_misc":{"Gesch\u00e4tzte Lesezeit":"2\u00a0Minuten"},"schema":{"@context":"https:\/\/schema.org","@graph":[{"@type":"WebPage","@id":"https:\/\/www.schwaubelinaescht.ch\/","url":"https:\/\/www.schwaubelinaescht.ch\/","name":"Buurhofspiugruppe Schwaubelin\u00e4scht - Ramona Walther","isPartOf":{"@id":"https:\/\/www.schwaubelinaescht.ch\/#website"},"primaryImageOfPage":{"@id":"https:\/\/www.schwaubelinaescht.ch\/#primaryimage"},"image":{"@id":"https:\/\/www.schwaubelinaescht.ch\/#primaryimage"},"thumbnailUrl":"https:\/\/www.schwaubelinaescht.ch\/wp-content\/uploads\/2019\/06\/Logo_Hintergrund_lavendel_titel.jpg","datePublished":"2019-06-11T19:25:29+00:00","dateModified":"2026-01-07T13:28:55+00:00","description":"In der Bauernhofspielgruppe Schwaubelin\u00e4scht k\u00f6nnen Kinder im Alter von drei bis f\u00fcnf Jahren das Leben auf einem Bauernhof hautnah miterleben.","breadcrumb":{"@id":"https:\/\/www.schwaubelinaescht.ch\/#breadcrumb"},"inLanguage":"de","potentialAction":[{"@type":"ReadAction","target":["https:\/\/www.schwaubelinaescht.ch\/"]}]},{"@type":"ImageObject","inLanguage":"de","@id":"https:\/\/www.schwaubelinaescht.ch\/#primaryimage","url":"https:\/\/www.schwaubelinaescht.ch\/wp-content\/uploads\/2019\/06\/Logo_Hintergrund_lavendel_titel.jpg","contentUrl":"https:\/\/www.schwaubelinaescht.ch\/wp-content\/uploads\/2019\/06\/Logo_Hintergrund_lavendel_titel.jpg","width":4000,"height":2000},{"@type":"BreadcrumbList","@id":"https:\/\/www.schwaubelinaescht.ch\/#breadcrumb","itemListElement":[{"@type":"ListItem","position":1,"name":"Home","item":"https:\/\/www.schwaubelinaescht.ch\/"},{"@type":"ListItem","position":2,"name":"H\u00e4rzlich W\u00fcukomme im Studenacher"}]},{"@type":"WebSite","@id":"https:\/\/www.schwaubelinaescht.ch\/#website","url":"https:\/\/www.schwaubelinaescht.ch\/","name":"Buurehofspiugruppe Schwaubelin\u00e4scht","description":"eifach Ching si","publisher":{"@id":"https:\/\/www.schwaubelinaescht.ch\/#organization"},"potentialAction":[{"@type":"SearchAction","target":{"@type":"EntryPoint","urlTemplate":"https:\/\/www.schwaubelinaescht.ch\/?s={search_term_string}"},"query-input":{"@type":"PropertyValueSpecification","valueRequired":true,"valueName":"search_term_string"}}],"inLanguage":"de"},{"@type":"Organization","@id":"https:\/\/www.schwaubelinaescht.ch\/#organization","name":"Buurehofspiugruppe Schwaubelin\u00e4scht - Ramona Fl\u00fcckiger","url":"https:\/\/www.schwaubelinaescht.ch\/","logo":{"@type":"ImageObject","inLanguage":"de","@id":"https:\/\/www.schwaubelinaescht.ch\/#\/schema\/logo\/image\/","url":"https:\/\/www.schwaubelinaescht.ch\/wp-content\/uploads\/2019\/06\/Logo_Webseiten-Icon_520px-520px.gif","contentUrl":"https:\/\/www.schwaubelinaescht.ch\/wp-content\/uploads\/2019\/06\/Logo_Webseiten-Icon_520px-520px.gif","width":520,"height":520,"caption":"Buurehofspiugruppe Schwaubelin\u00e4scht - Ramona Fl\u00fcckiger"},"image":{"@id":"https:\/\/www.schwaubelinaescht.ch\/#\/schema\/logo\/image\/"}}]}},"_links":{"self":[{"href":"https:\/\/www.schwaubelinaescht.ch\/index.php\/wp-json\/wp\/v2\/pages\/11","targetHints":{"allow":["GET"]}}],"collection":[{"href":"https:\/\/www.schwaubelinaescht.ch\/index.php\/wp-json\/wp\/v2\/pages"}],"about":[{"href":"https:\/\/www.schwaubelinaescht.ch\/index.php\/wp-json\/wp\/v2\/types\/page"}],"author":[{"embeddable":true,"href":"https:\/\/www.schwaubelinaescht.ch\/index.php\/wp-json\/wp\/v2\/users\/1"}],"replies":[{"embeddable":true,"href":"https:\/\/www.schwaubelinaescht.ch\/index.php\/wp-json\/wp\/v2\/comments?post=11"}],"version-history":[{"count":42,"href":"https:\/\/www.schwaubelinaescht.ch\/index.php\/wp-json\/wp\/v2\/pages\/11\/revisions"}],"predecessor-version":[{"id":391,"href":"https:\/\/www.schwaubelinaescht.ch\/index.php\/wp-json\/wp\/v2\/pages\/11\/revisions\/391"}],"wp:featuredmedia":[{"embeddable":true,"href":"https:\/\/www.schwaubelinaescht.ch\/index.php\/wp-json\/wp\/v2\/media\/115"}],"wp:attachment":[{"href":"https:\/\/www.schwaubelinaescht.ch\/index.php\/wp-json\/wp\/v2\/media?parent=11"}],"curies":[{"name":"wp","href":"https:\/\/api.w.org\/{rel}","templated":true}]}}